{"id":575,"date":"2025-02-21T10:32:22","date_gmt":"2025-02-21T13:32:22","guid":{"rendered":"https:\/\/dosmariasyunjuan.com\/?post_type=product&#038;p=575"},"modified":"2025-12-07T08:54:20","modified_gmt":"2025-12-07T11:54:20","slug":"patron-snowy-muneco-de-nieve","status":"publish","type":"product","link":"https:\/\/dosmariasyunjuan.com\/pt\/producto\/patron-snowy-muneco-de-nieve\/","title":{"rendered":"Patr\u00f3n de Crochet Snowy Mu\u00f1eco de Nieve Amigurumi"},"content":{"rendered":"<h3 data-start=\"231\" data-end=\"292\">Patr\u00f3n de Crochet Snowy Mu\u00f1eco de Nieve Amigurumi \u2013 PDF descargable<\/h3>\n<p data-start=\"294\" data-end=\"459\">Este patr\u00f3n en PDF incluye todo lo que necesitas para tejer a <strong data-start=\"356\" data-end=\"384\">Snowy el Mu\u00f1eco de Nieve<\/strong> \u2014 un proyecto r\u00e1pido, encantador y apto para principiantes. Mu\u00f1eco de nieve amigurumi es el proyecto mas adorable y r\u00e1pido para navidad.<\/p>\n<p data-start=\"461\" data-end=\"580\">Vas a tejer a Snowy en una sola pieza (cabeza y cuerpo juntos), lo que lo hace s\u00faper satisfactorio y f\u00e1cil de terminar.<\/p>\n<p data-start=\"582\" data-end=\"919\">\u2615 <strong data-start=\"584\" data-end=\"593\">Nota:<\/strong><br data-start=\"593\" data-end=\"596\" \/>Este dise\u00f1o tambi\u00e9n est\u00e1 publicado como patr\u00f3n gratuito en mi Instagram (@dosmariasyunjuan), pero tambi\u00e9n disponible en version PDF descargable.<br data-start=\"788\" data-end=\"791\" \/>Incluye un dise\u00f1o limpio, fotos tutoriales y es perfecto si te gusta imprimir tus patrones o guardarlos para tejer sin conexi\u00f3n.<\/p>\n<p data-start=\"921\" data-end=\"1049\">\ud83c\udf84 Ya sea como adorno navide\u00f1o, regalo hecho a mano o decoraci\u00f3n invernal, Snowy trae magia acogedora a mi colecci\u00f3n de Navidad. Un patr\u00f3n navide\u00f1o crochet<\/p>\n<p data-start=\"1051\" data-end=\"1158\">Este patr\u00f3n est\u00e1 en <strong data-start=\"1071\" data-end=\"1082\">espa\u00f1ol, portugu\u00e9s e ingles (3 idiomas)<\/strong><\/p>\n<p>&nbsp;<\/p>","protected":false},"excerpt":{"rendered":"<p>Este patron lo puedes encontrar en forma gratuita en mi perfil de Instagram @dosmariasyunjuan<\/p>\n<p>Si lo quieres tener en pdf lo puedes conseguir aqu\u00ed!<\/p>","protected":false},"featured_media":573,"comment_status":"open","ping_status":"closed","template":"","meta":{"_et_pb_use_builder":"","_et_pb_old_content":"","_et_gb_content_width":""},"product_brand":[105],"product_cat":[31],"product_tag":[75,74,76,26,77,71,72,25,45,73],"class_list":{"0":"post-575","1":"product","2":"type-product","3":"status-publish","4":"has-post-thumbnail","6":"product_brand-dos-marias-y-un-juan-pdf","7":"product_cat-mini-contribution-patterns","8":"product_tag-adorno-de-navidad","9":"product_tag-christmas-crochet-pattern","10":"product_tag-decoracion-navidena","11":"product_tag-digital-download","12":"product_tag-easy-amigurumi","13":"product_tag-muneco-de-nieve","14":"product_tag-patron-navideno","15":"product_tag-pdf-crochet-pattern","16":"product_tag-pdf-pattern","17":"product_tag-snowman-amigurumi","19":"first","20":"instock","21":"downloadable","22":"virtual","23":"purchasable","24":"product-type-simple"},"yoast_head":"<!-- This site is optimized with the Yoast SEO Premium plugin v25.1 (Yoast SEO v27.2) - https:\/\/yoast.com\/product\/yoast-seo-premium-wordpress\/ -->\n<title>Patr\u00f3n de Crochet Snowy Mu\u00f1eco de Nieve Amigurumi - Dos Marias y Un Juan<\/title>\n<meta name=\"description\" content=\"Patr\u00f3n de Crochet Snowy Mu\u00f1eco de Nieve, un mu\u00f1eco de nieve amigurumi adorable y f\u00e1cil de hacer. Ideal como adorno navide\u00f1o o regalo hecho a mano.\" \/>\n<meta name=\"robots\" content=\"index, follow, max-snippet:-1, max-image-preview:large, max-video-preview:-1\" \/>\n<link rel=\"canonical\" href=\"https:\/\/dosmariasyunjuan.com\/pt\/producto\/patron-snowy-muneco-de-nieve\/\" \/>\n<meta property=\"og:locale\" content=\"pt_BR\" \/>\n<meta property=\"og:type\" content=\"article\" \/>\n<meta property=\"og:title\" content=\"Patr\u00f3n de Crochet Snowy Mu\u00f1eco de Nieve Amigurumi\" \/>\n<meta property=\"og:description\" content=\"Patr\u00f3n de Crochet Snowy Mu\u00f1eco de Nieve, un mu\u00f1eco de nieve amigurumi adorable y f\u00e1cil de hacer. Ideal como adorno navide\u00f1o o regalo hecho a mano.\" \/>\n<meta property=\"og:url\" content=\"https:\/\/dosmariasyunjuan.com\/pt\/producto\/patron-snowy-muneco-de-nieve\/\" \/>\n<meta property=\"og:site_name\" content=\"Dos Marias y Un Juan\" \/>\n<meta property=\"article:modified_time\" content=\"2025-12-07T11:54:20+00:00\" \/>\n<meta property=\"og:image\" content=\"https:\/\/dosmariasyunjuan.com\/wp-content\/uploads\/2025\/02\/@dosmariasyunjuan-9.jpg\" \/>\n\t<meta property=\"og:image:width\" content=\"1080\" \/>\n\t<meta property=\"og:image:height\" content=\"1506\" \/>\n\t<meta property=\"og:image:type\" content=\"image\/jpeg\" \/>\n<meta name=\"twitter:card\" content=\"summary_large_image\" \/>\n<meta name=\"twitter:label1\" content=\"Est. tempo de leitura\" \/>\n\t<meta name=\"twitter:data1\" content=\"1 minuto\" \/>\n<script type=\"application\/ld+json\" class=\"yoast-schema-graph\">{\"@context\":\"https:\/\/schema.org\",\"@graph\":[{\"@type\":\"WebPage\",\"@id\":\"https:\/\/dosmariasyunjuan.com\/producto\/patron-snowy-muneco-de-nieve\/\",\"url\":\"https:\/\/dosmariasyunjuan.com\/producto\/patron-snowy-muneco-de-nieve\/\",\"name\":\"Patr\u00f3n de Crochet Snowy Mu\u00f1eco de Nieve Amigurumi - Dos Marias y Un Juan\",\"isPartOf\":{\"@id\":\"https:\/\/dosmariasyunjuan.com\/#website\"},\"primaryImageOfPage\":{\"@id\":\"https:\/\/dosmariasyunjuan.com\/producto\/patron-snowy-muneco-de-nieve\/#primaryimage\"},\"image\":{\"@id\":\"https:\/\/dosmariasyunjuan.com\/producto\/patron-snowy-muneco-de-nieve\/#primaryimage\"},\"thumbnailUrl\":\"https:\/\/dosmariasyunjuan.com\/wp-content\/uploads\/2025\/02\/@dosmariasyunjuan-9.jpg\",\"datePublished\":\"2025-02-21T13:32:22+00:00\",\"dateModified\":\"2025-12-07T11:54:20+00:00\",\"description\":\"Patr\u00f3n de Crochet Snowy Mu\u00f1eco de Nieve, un mu\u00f1eco de nieve amigurumi adorable y f\u00e1cil de hacer. Ideal como adorno navide\u00f1o o regalo hecho a mano.\",\"breadcrumb\":{\"@id\":\"https:\/\/dosmariasyunjuan.com\/producto\/patron-snowy-muneco-de-nieve\/#breadcrumb\"},\"inLanguage\":\"pt-BR\",\"potentialAction\":[{\"@type\":\"ReadAction\",\"target\":[\"https:\/\/dosmariasyunjuan.com\/producto\/patron-snowy-muneco-de-nieve\/\"]}]},{\"@type\":\"ImageObject\",\"inLanguage\":\"pt-BR\",\"@id\":\"https:\/\/dosmariasyunjuan.com\/producto\/patron-snowy-muneco-de-nieve\/#primaryimage\",\"url\":\"https:\/\/dosmariasyunjuan.com\/wp-content\/uploads\/2025\/02\/@dosmariasyunjuan-9.jpg\",\"contentUrl\":\"https:\/\/dosmariasyunjuan.com\/wp-content\/uploads\/2025\/02\/@dosmariasyunjuan-9.jpg\",\"width\":1080,\"height\":1506,\"caption\":\"Meet Snowy \u2014 a no-sew crochet snowman, perfect for your Christmas tree or to gift with love.\"},{\"@type\":\"BreadcrumbList\",\"@id\":\"https:\/\/dosmariasyunjuan.com\/producto\/patron-snowy-muneco-de-nieve\/#breadcrumb\",\"itemListElement\":[{\"@type\":\"ListItem\",\"position\":1,\"name\":\"Home\",\"item\":\"https:\/\/dosmariasyunjuan.com\/\"},{\"@type\":\"ListItem\",\"position\":2,\"name\":\"Shop\",\"item\":\"https:\/\/dosmariasyunjuan.com\/amigurumi-crochet-patterns-shop\/\"},{\"@type\":\"ListItem\",\"position\":3,\"name\":\"Patr\u00f3n de Crochet Snowy Mu\u00f1eco de Nieve Amigurumi\"}]},{\"@type\":\"WebSite\",\"@id\":\"https:\/\/dosmariasyunjuan.com\/#website\",\"url\":\"https:\/\/dosmariasyunjuan.com\/\",\"name\":\"Dos Marias y Un Juan\",\"description\":\"Crochet patterns\",\"publisher\":{\"@id\":\"https:\/\/dosmariasyunjuan.com\/#organization\"},\"potentialAction\":[{\"@type\":\"SearchAction\",\"target\":{\"@type\":\"EntryPoint\",\"urlTemplate\":\"https:\/\/dosmariasyunjuan.com\/?s={search_term_string}\"},\"query-input\":{\"@type\":\"PropertyValueSpecification\",\"valueRequired\":true,\"valueName\":\"search_term_string\"}}],\"inLanguage\":\"pt-BR\"},{\"@type\":\"Organization\",\"@id\":\"https:\/\/dosmariasyunjuan.com\/#organization\",\"name\":\"Dos Marias y Un Juan\",\"url\":\"https:\/\/dosmariasyunjuan.com\/\",\"logo\":{\"@type\":\"ImageObject\",\"inLanguage\":\"pt-BR\",\"@id\":\"https:\/\/dosmariasyunjuan.com\/#\/schema\/logo\/image\/\",\"url\":\"https:\/\/dosmariasyunjuan.com\/wp-content\/uploads\/2025\/05\/logo_round_beige_brown.png\",\"contentUrl\":\"https:\/\/dosmariasyunjuan.com\/wp-content\/uploads\/2025\/05\/logo_round_beige_brown.png\",\"width\":500,\"height\":500,\"caption\":\"Dos Marias y Un Juan\"},\"image\":{\"@id\":\"https:\/\/dosmariasyunjuan.com\/#\/schema\/logo\/image\/\"},\"sameAs\":[\"https:\/\/www.instagram.com\/dosmariasyunjuan\/\"]}]}<\/script>\n<!-- \/ Yoast SEO Premium plugin. -->","yoast_head_json":{"title":"Patr\u00f3n de Crochet Snowy Mu\u00f1eco de Nieve Amigurumi - Dos Marias y Un Juan","description":"Patr\u00f3n de Crochet Snowy Mu\u00f1eco de Nieve, un mu\u00f1eco de nieve amigurumi adorable y f\u00e1cil de hacer. Ideal como adorno navide\u00f1o o regalo hecho a mano.","robots":{"index":"index","follow":"follow","max-snippet":"max-snippet:-1","max-image-preview":"max-image-preview:large","max-video-preview":"max-video-preview:-1"},"canonical":"https:\/\/dosmariasyunjuan.com\/pt\/producto\/patron-snowy-muneco-de-nieve\/","og_locale":"pt_BR","og_type":"article","og_title":"Patr\u00f3n de Crochet Snowy Mu\u00f1eco de Nieve Amigurumi","og_description":"Patr\u00f3n de Crochet Snowy Mu\u00f1eco de Nieve, un mu\u00f1eco de nieve amigurumi adorable y f\u00e1cil de hacer. Ideal como adorno navide\u00f1o o regalo hecho a mano.","og_url":"https:\/\/dosmariasyunjuan.com\/pt\/producto\/patron-snowy-muneco-de-nieve\/","og_site_name":"Dos Marias y Un Juan","article_modified_time":"2025-12-07T11:54:20+00:00","og_image":[{"width":1080,"height":1506,"url":"https:\/\/dosmariasyunjuan.com\/wp-content\/uploads\/2025\/02\/@dosmariasyunjuan-9.jpg","type":"image\/jpeg"}],"twitter_card":"summary_large_image","twitter_misc":{"Est. tempo de leitura":"1 minuto"},"schema":{"@context":"https:\/\/schema.org","@graph":[{"@type":"WebPage","@id":"https:\/\/dosmariasyunjuan.com\/producto\/patron-snowy-muneco-de-nieve\/","url":"https:\/\/dosmariasyunjuan.com\/producto\/patron-snowy-muneco-de-nieve\/","name":"Patr\u00f3n de Crochet Snowy Mu\u00f1eco de Nieve Amigurumi - Dos Marias y Un Juan","isPartOf":{"@id":"https:\/\/dosmariasyunjuan.com\/#website"},"primaryImageOfPage":{"@id":"https:\/\/dosmariasyunjuan.com\/producto\/patron-snowy-muneco-de-nieve\/#primaryimage"},"image":{"@id":"https:\/\/dosmariasyunjuan.com\/producto\/patron-snowy-muneco-de-nieve\/#primaryimage"},"thumbnailUrl":"https:\/\/dosmariasyunjuan.com\/wp-content\/uploads\/2025\/02\/@dosmariasyunjuan-9.jpg","datePublished":"2025-02-21T13:32:22+00:00","dateModified":"2025-12-07T11:54:20+00:00","description":"Patr\u00f3n de Crochet Snowy Mu\u00f1eco de Nieve, un mu\u00f1eco de nieve amigurumi adorable y f\u00e1cil de hacer. Ideal como adorno navide\u00f1o o regalo hecho a mano.","breadcrumb":{"@id":"https:\/\/dosmariasyunjuan.com\/producto\/patron-snowy-muneco-de-nieve\/#breadcrumb"},"inLanguage":"pt-BR","potentialAction":[{"@type":"ReadAction","target":["https:\/\/dosmariasyunjuan.com\/producto\/patron-snowy-muneco-de-nieve\/"]}]},{"@type":"ImageObject","inLanguage":"pt-BR","@id":"https:\/\/dosmariasyunjuan.com\/producto\/patron-snowy-muneco-de-nieve\/#primaryimage","url":"https:\/\/dosmariasyunjuan.com\/wp-content\/uploads\/2025\/02\/@dosmariasyunjuan-9.jpg","contentUrl":"https:\/\/dosmariasyunjuan.com\/wp-content\/uploads\/2025\/02\/@dosmariasyunjuan-9.jpg","width":1080,"height":1506,"caption":"Meet Snowy \u2014 a no-sew crochet snowman, perfect for your Christmas tree or to gift with love."},{"@type":"BreadcrumbList","@id":"https:\/\/dosmariasyunjuan.com\/producto\/patron-snowy-muneco-de-nieve\/#breadcrumb","itemListElement":[{"@type":"ListItem","position":1,"name":"Home","item":"https:\/\/dosmariasyunjuan.com\/"},{"@type":"ListItem","position":2,"name":"Shop","item":"https:\/\/dosmariasyunjuan.com\/amigurumi-crochet-patterns-shop\/"},{"@type":"ListItem","position":3,"name":"Patr\u00f3n de Crochet Snowy Mu\u00f1eco de Nieve Amigurumi"}]},{"@type":"WebSite","@id":"https:\/\/dosmariasyunjuan.com\/#website","url":"https:\/\/dosmariasyunjuan.com\/","name":"Dos Marias y Un Juan","description":"Padr\u00f5es de amigurumi","publisher":{"@id":"https:\/\/dosmariasyunjuan.com\/#organization"},"potentialAction":[{"@type":"SearchAction","target":{"@type":"EntryPoint","urlTemplate":"https:\/\/dosmariasyunjuan.com\/?s={search_term_string}"},"query-input":{"@type":"PropertyValueSpecification","valueRequired":true,"valueName":"search_term_string"}}],"inLanguage":"pt-BR"},{"@type":"Organization","@id":"https:\/\/dosmariasyunjuan.com\/#organization","name":"Dos Marias y Un Juan","url":"https:\/\/dosmariasyunjuan.com\/","logo":{"@type":"ImageObject","inLanguage":"pt-BR","@id":"https:\/\/dosmariasyunjuan.com\/#\/schema\/logo\/image\/","url":"https:\/\/dosmariasyunjuan.com\/wp-content\/uploads\/2025\/05\/logo_round_beige_brown.png","contentUrl":"https:\/\/dosmariasyunjuan.com\/wp-content\/uploads\/2025\/05\/logo_round_beige_brown.png","width":500,"height":500,"caption":"Dos Marias y Un Juan"},"image":{"@id":"https:\/\/dosmariasyunjuan.com\/#\/schema\/logo\/image\/"},"sameAs":["https:\/\/www.instagram.com\/dosmariasyunjuan\/"]}]}},"pbg_featured_image_src":{"full":["https:\/\/dosmariasyunjuan.com\/wp-content\/uploads\/2025\/02\/@dosmariasyunjuan-9.jpg",1080,1506,false],"thumbnail":["https:\/\/dosmariasyunjuan.com\/wp-content\/uploads\/2025\/02\/@dosmariasyunjuan-9-150x150.jpg",150,150,true],"medium":["https:\/\/dosmariasyunjuan.com\/wp-content\/uploads\/2025\/02\/@dosmariasyunjuan-9-215x300.jpg",215,300,true],"medium_large":["https:\/\/dosmariasyunjuan.com\/wp-content\/uploads\/2025\/02\/@dosmariasyunjuan-9-768x1071.jpg",768,1071,true],"large":["https:\/\/dosmariasyunjuan.com\/wp-content\/uploads\/2025\/02\/@dosmariasyunjuan-9-734x1024.jpg",734,1024,true],"1536x1536":["https:\/\/dosmariasyunjuan.com\/wp-content\/uploads\/2025\/02\/@dosmariasyunjuan-9.jpg",1080,1506,false],"2048x2048":["https:\/\/dosmariasyunjuan.com\/wp-content\/uploads\/2025\/02\/@dosmariasyunjuan-9.jpg",1080,1506,false],"trp-custom-language-flag":["https:\/\/dosmariasyunjuan.com\/wp-content\/uploads\/2025\/02\/@dosmariasyunjuan-9.jpg",9,12,false],"et-pb-post-main-image":["https:\/\/dosmariasyunjuan.com\/wp-content\/uploads\/2025\/02\/@dosmariasyunjuan-9-400x250.jpg",400,250,true],"et-pb-post-main-image-fullwidth":["https:\/\/dosmariasyunjuan.com\/wp-content\/uploads\/2025\/02\/@dosmariasyunjuan-9-1080x675.jpg",1080,675,true],"et-pb-portfolio-image":["https:\/\/dosmariasyunjuan.com\/wp-content\/uploads\/2025\/02\/@dosmariasyunjuan-9-400x284.jpg",400,284,true],"et-pb-portfolio-module-image":["https:\/\/dosmariasyunjuan.com\/wp-content\/uploads\/2025\/02\/@dosmariasyunjuan-9-510x382.jpg",510,382,true],"et-pb-portfolio-image-single":["https:\/\/dosmariasyunjuan.com\/wp-content\/uploads\/2025\/02\/@dosmariasyunjuan-9.jpg",1080,1506,false],"et-pb-gallery-module-image-portrait":["https:\/\/dosmariasyunjuan.com\/wp-content\/uploads\/2025\/02\/@dosmariasyunjuan-9-400x516.jpg",400,516,true],"et-pb-post-main-image-fullwidth-large":["https:\/\/dosmariasyunjuan.com\/wp-content\/uploads\/2025\/02\/@dosmariasyunjuan-9.jpg",1080,1506,false],"et-pb-image--responsive--desktop":["https:\/\/dosmariasyunjuan.com\/wp-content\/uploads\/2025\/02\/@dosmariasyunjuan-9.jpg",516,720,false],"et-pb-image--responsive--tablet":["https:\/\/dosmariasyunjuan.com\/wp-content\/uploads\/2025\/02\/@dosmariasyunjuan-9-980x1367.jpg",395,551,true],"et-pb-image--responsive--phone":["https:\/\/dosmariasyunjuan.com\/wp-content\/uploads\/2025\/02\/@dosmariasyunjuan-9-480x669.jpg",194,270,true],"woocommerce_thumbnail":["https:\/\/dosmariasyunjuan.com\/wp-content\/uploads\/2025\/02\/@dosmariasyunjuan-9-600x600.jpg",600,600,true],"woocommerce_single":["https:\/\/dosmariasyunjuan.com\/wp-content\/uploads\/2025\/02\/@dosmariasyunjuan-9-800x1116.jpg",800,1116,true],"woocommerce_gallery_thumbnail":["https:\/\/dosmariasyunjuan.com\/wp-content\/uploads\/2025\/02\/@dosmariasyunjuan-9-100x100.jpg",100,100,true]},"pbg_author_info":{"display_name":"DosMariasyUnJuan","author_link":"https:\/\/dosmariasyunjuan.com\/pt\/author\/","author_img":"<img alt='DosMariasyUnJuan' src='https:\/\/secure.gravatar.com\/avatar\/4d1b1b79e326eb16a9585dc410165b35e86f4b41679da6caf932b0a5c25787fa?s=128&#038;d=mm&#038;r=g' srcset='https:\/\/secure.gravatar.com\/avatar\/4d1b1b79e326eb16a9585dc410165b35e86f4b41679da6caf932b0a5c25787fa?s=256&#038;d=mm&#038;r=g 2x' class='avatar avatar-128 photo' height='128' width='128' loading='lazy' decoding='async'\/>"},"pbg_comment_info":" No Comments","pbg_excerpt":"Este patron lo puedes encontrar en forma gratuita en mi perfil de Instagram @dosmariasyunjuan Si lo quieres tener en pdf lo puedes conseguir aqu\u00ed!","jetpack_sharing_enabled":true,"_links":{"self":[{"href":"https:\/\/dosmariasyunjuan.com\/pt\/wp-json\/wp\/v2\/product\/575","targetHints":{"allow":["GET"]}}],"collection":[{"href":"https:\/\/dosmariasyunjuan.com\/pt\/wp-json\/wp\/v2\/product"}],"about":[{"href":"https:\/\/dosmariasyunjuan.com\/pt\/wp-json\/wp\/v2\/types\/product"}],"replies":[{"embeddable":true,"href":"https:\/\/dosmariasyunjuan.com\/pt\/wp-json\/wp\/v2\/comments?post=575"}],"wp:featuredmedia":[{"embeddable":true,"href":"https:\/\/dosmariasyunjuan.com\/pt\/wp-json\/wp\/v2\/media\/573"}],"wp:attachment":[{"href":"https:\/\/dosmariasyunjuan.com\/pt\/wp-json\/wp\/v2\/media?parent=575"}],"wp:term":[{"taxonomy":"product_brand","embeddable":true,"href":"https:\/\/dosmariasyunjuan.com\/pt\/wp-json\/wp\/v2\/product_brand?post=575"},{"taxonomy":"product_cat","embeddable":true,"href":"https:\/\/dosmariasyunjuan.com\/pt\/wp-json\/wp\/v2\/product_cat?post=575"},{"taxonomy":"product_tag","embeddable":true,"href":"https:\/\/dosmariasyunjuan.com\/pt\/wp-json\/wp\/v2\/product_tag?post=575"}],"curies":[{"name":"wp","href":"https:\/\/api.w.org\/{rel}","templated":true}]}}