{"id":1728,"date":"2026-03-22T11:36:57","date_gmt":"2026-03-22T14:36:57","guid":{"rendered":"https:\/\/dosmariasyunjuan.com\/?post_type=product&#038;p=1728"},"modified":"2026-03-22T11:36:58","modified_gmt":"2026-03-22T14:36:58","slug":"arthur-butter-wings-mushroom-amigurumi-pdf-crochet-pattern","status":"publish","type":"product","link":"https:\/\/dosmariasyunjuan.com\/pt\/producto\/arthur-butter-wings-mushroom-amigurumi-pdf-crochet-pattern\/","title":{"rendered":"Arthur Butter &#8211; Wings &#8211; Mushroom Amigurumi Crochet Pattern | Trilingual PDF (ENG + ESP + PT)"},"content":{"rendered":"<h6><a href=\"https:\/\/pay.hotmart.com\/C105024021X\"><a href='https:\/\/pay.hotmart.com\/C105024021X?utm_source=woocommerce&#038;utm_medium=product_page&#038;utm_campaign=arthur_butter_wings&#038;utm_content=hotmart_button' class='small-button smallblue'>No PayPal? Buy Here (Ars, Pix, Tr)<\/a><\/a><\/h6>\n<h6 class=\"font-claude-response-body break-words whitespace-normal leading-[1.7]\"><strong>ENGLISH:<\/strong><\/h6>\n<p class=\"font-claude-response-body break-words whitespace-normal leading-[1.7]\">Meet Arthur Butter-Wings Buttermello Mushroom Crochet Pattern\u2014 the Forest Mushroom Micro-Guardian. Noble by intention. Clumsy by nature. Adorable beyond repair. Designed by Dos Mar\u00edas y un Juan, he carries his tiny butterfly backpack everywhere \u2014 though everyone assumes the wings belong to a bee. Arthur doesn&#8217;t mind, but he knows they&#8217;re his. He is part of our Magic Forest Collection, where pocket storytelling meets handcrafted charm. You can also make different color versions.<\/p>\n<ul class=\"[li_&amp;]:mb-0 [li_&amp;]:mt-1 [li_&amp;]:gap-1 [&amp;:not(:last-child)_ul]:pb-1 [&amp;:not(:last-child)_ol]:pb-1 list-disc flex flex-col gap-1 pl-8 mb-3\">\n<li class=\"whitespace-normal break-words pl-2\">Downloadable in three languages: English, Spanish and Portuguese<\/li>\n<li class=\"whitespace-normal break-words pl-2\">Includes collectible Pocket Lore Card<\/li>\n<\/ul>\n<p class=\"font-claude-response-body break-words whitespace-normal leading-[1.7]\">This is a digital pattern ONLY (PDF) \u2014 not a finished item.<br \/>\nAdditionally, this pattern is available in three languages.<\/p>\n<hr class=\"border-border-200 border-t-0.5 my-3 mx-1.5\" \/>\n<h6 class=\"font-claude-response-body break-words whitespace-normal leading-[1.7]\"><strong>ESPA\u00d1OL: <\/strong><\/h6>\n<p class=\"font-claude-response-body break-words whitespace-normal leading-[1.7]\">Conoce a Arthur Butter-Wings Buttermello \u2014 el Micro-Guardi\u00e1n del Bosque de los Hongos. Noble por intenci\u00f3n. Torpe por naturaleza. Adorable sin remedio. Dise\u00f1ado por Dos Mar\u00edas y un Juan, lleva su peque\u00f1a mochila de mariposa a todas partes \u2014 aunque todos asumen que las alas son de una abeja. A Arthur no le importa, pero \u00e9l sabe que son suyas. Forma parte de nuestra Colecci\u00f3n Magic Forest, donde el pocket storytelling se encuentra con el encanto artesanal. Puedes hacer distintas versiones de colores.<\/p>\n<ul class=\"[li_&amp;]:mb-0 [li_&amp;]:mt-1 [li_&amp;]:gap-1 [&amp;:not(:last-child)_ul]:pb-1 [&amp;:not(:last-child)_ol]:pb-1 list-disc flex flex-col gap-1 pl-8 mb-3\">\n<li class=\"whitespace-normal break-words pl-2\">Disponible para descargar en tres idiomas: ingl\u00e9s, espa\u00f1ol y portugu\u00e9s<\/li>\n<li class=\"whitespace-normal break-words pl-2\">Incluye Pocket Lore Card coleccionable<\/li>\n<\/ul>\n<p class=\"font-claude-response-body break-words whitespace-normal leading-[1.7]\">Este es un patr\u00f3n digital (PDF) solamente \u2014 no incluye producto terminado.<br \/>\nAdem\u00e1s, este patr\u00f3n est\u00e1 disponible en tres idiomas.<\/p>\n<hr class=\"border-border-200 border-t-0.5 my-3 mx-1.5\" \/>\n<h6 class=\"font-claude-response-body break-words whitespace-normal leading-[1.7]\"><strong>PORTUGU\u00caS: <\/strong><\/h6>\n<p class=\"font-claude-response-body break-words whitespace-normal leading-[1.7]\">Conhe\u00e7a Arthur Butter-Wings Buttermello \u2014 o Micro-Guardi\u00e3o da Floresta dos Cogumelos. Nobre por inten\u00e7\u00e3o. Desajeitado por natureza. Ador\u00e1vel sem rem\u00e9dio. Design por Dos Mar\u00edas y un Juan, ele carrega sua pequena mochila de borboleta em todo lugar \u2014 embora todos assumam que as asas pertencem a uma abelha. Arthur n\u00e3o se importa. Ele sabe que s\u00e3o suas. Faz parte da nossa Cole\u00e7\u00e3o Magic Forest, onde o pocket storytelling encontra o charme artesanal. Voc\u00ea tamb\u00e9m pode fazer vers\u00f5es em cores diferentes.<\/p>\n<ul class=\"[li_&amp;]:mb-0 [li_&amp;]:mt-1 [li_&amp;]:gap-1 [&amp;:not(:last-child)_ul]:pb-1 [&amp;:not(:last-child)_ol]:pb-1 list-disc flex flex-col gap-1 pl-8 mb-3\">\n<li class=\"whitespace-normal break-words pl-2\">Dispon\u00edvel para download em tr\u00eas idiomas: ingl\u00eas, espanhol e portugu\u00eas<\/li>\n<li class=\"whitespace-normal break-words pl-2\">Inclui Pocket Lore Card colecion\u00e1vel<\/li>\n<\/ul>\n<p class=\"font-claude-response-body break-words whitespace-normal leading-[1.7]\">Este \u00e9 apenas um padr\u00e3o digital (PDF) \u2014 n\u00e3o \u00e9 um item finalizado.<br \/>\nAl\u00e9m disso, este padr\u00e3o est\u00e1 dispon\u00edvel em tr\u00eas idiomas<\/p>\n<h6 data-start=\"3807\" data-end=\"3878\"><strong>You may also like \/ Tambi\u00e9n te puede gustar \/ Voc\u00ea tamb\u00e9m pode gostar de:<\/strong><\/h6>\n<p><a href=\"https:\/\/dosmariasyunjuan.com\/producto\/miss-flopps-crochet-pattern\/\">Miss Flopps bun &amp; Chatty Daisy Crochet Pattern | Trilingual PDF (ENG + ESP + PT)<\/a> <a href=\"https:\/\/dosmariasyunjuan.com\/producto\/benny-benna-backpackie-koala-crochet-pattern-dos-marias-y-un-juan\/\">Benny and Benna backpackie koala crochet pattern | Trilingual PDF (ENG + ESP + PT)<\/a> <a href=\"https:\/\/dosmariasyunjuan.com\/producto\/botti-jr-pocket-sea-otter-amigurumi-pattern\/\">Botti Jr \u2013 Pocket Sea Otter Amigurumi Pattern | Trilingual PDF (ENG + ESP + PT)<\/a><\/p>\n","protected":false},"excerpt":{"rendered":"<p class=\"font-claude-response-body break-words whitespace-normal leading-[1.7]\"><strong>ENGLISH \u2014<\/strong> <strong>Arthur Butter-Wings \u2013 Mushroom Amigurumi Crochet Pattern | Trilingual PDF (ENG + ESP + PT).<\/strong>Forest Mushroom Micro-Guardian. Noble by intention. Clumsy by nature. Adorable beyond repair. Includes FULL CROCHET PATTERN, detailed step-by-step instructions, high-quality photos and collectible Pocket Lore Card. Digital PDF crochet pattern ONLY \u2014 no finished item included.<\/p>\n<hr class=\"border-border-200 border-t-0.5 my-3 mx-1.5\" \/>\n<p class=\"font-claude-response-body break-words whitespace-normal leading-[1.7]\"><strong>ESPA\u00d1OL \u2014<\/strong> <strong>Arthur Butter-Wings \u2013 Patr\u00f3n Amigurumi de Honguito | PDF Triling\u00fce (ENG + ESP + PT).<\/strong> Micro-Guardi\u00e1n del Bosque de los Hongos. Noble por intenci\u00f3n. Torpe por naturaleza. Adorable sin remedio. Incluye PATR\u00d3N COMPLETO DE CROCHET, instrucciones detalladas paso a paso, fotos de alta calidad y Pocket Lore Card coleccionable. Patr\u00f3n digital en PDF \u2014 no incluye producto terminado.<\/p>\n<hr class=\"border-border-200 border-t-0.5 my-3 mx-1.5\" \/>\n<p class=\"font-claude-response-body break-words whitespace-normal leading-[1.7]\"><strong>PORTUGU\u00caS \u2014<\/strong> <strong>Arthur Butter-Wings \u2013 Padr\u00e3o Amigurumi de Cogumelo | PDF Tril\u00edngue (ENG + ESP + PT).<\/strong>Micro-Guardi\u00e3o da Floresta dos Cogumelos. Nobre por inten\u00e7\u00e3o. Desajeitado por natureza. Ador\u00e1vel sem rem\u00e9dio. Inclui PADR\u00c3O COMPLETO DE CROCH\u00ca, instru\u00e7\u00f5es detalhadas passo a passo, fotos de alta qualidade e Pocket Lore Card colecion\u00e1vel. Padr\u00e3o digital em PDF \u2014 nenhum item f\u00edsico inclu\u00eddo.<\/p>\n<p class=\"font-claude-response-body break-words whitespace-normal leading-[1.7]\">\n","protected":false},"featured_media":1734,"comment_status":"open","ping_status":"closed","template":"","meta":{"_et_pb_use_builder":"","_et_pb_old_content":"","_et_gb_content_width":""},"product_brand":[105],"product_cat":[22],"product_tag":[132,124,92,26,39,136,137,135,138,45,67],"class_list":{"0":"post-1728","1":"product","2":"type-product","3":"status-publish","4":"has-post-thumbnail","6":"product_brand-dos-marias-y-un-juan-pdf","7":"product_cat-crochet-patterns","8":"product_tag-advanced-beginner-crochet","9":"product_tag-amigurumi-pattern-pdf","10":"product_tag-crochet-pattern","11":"product_tag-digital-download","12":"product_tag-dos-marias-y-un-juan","13":"product_tag-forest-amigurumi","14":"product_tag-magic-forest-crochet","15":"product_tag-mushroom-amigurumi","16":"product_tag-mushroom-crochet-pattern","17":"product_tag-pdf-pattern","18":"product_tag-trilingual-crochet-pattern","20":"first","21":"instock","22":"downloadable","23":"virtual","24":"purchasable","25":"product-type-simple"},"yoast_head":"<!-- This site is optimized with the Yoast SEO Premium plugin v25.1 (Yoast SEO v27.2) - https:\/\/yoast.com\/product\/yoast-seo-premium-wordpress\/ -->\n<title>Arthur Butter-Wings Mushroom Crochet Pattern<\/title>\n<meta name=\"description\" content=\"Arthur Butter-Wings \u2013 a mushroom amigurumi PDF pattern with detailed steps, photos, and trilingual instructions. Designed by Dos Mar\u00edas y un Juan.\" \/>\n<meta name=\"robots\" content=\"index, follow, max-snippet:-1, max-image-preview:large, max-video-preview:-1\" \/>\n<link rel=\"canonical\" href=\"https:\/\/dosmariasyunjuan.com\/pt\/producto\/arthur-butter-wings-mushroom-amigurumi-pdf-crochet-pattern\/\" \/>\n<meta property=\"og:locale\" content=\"pt_BR\" \/>\n<meta property=\"og:type\" content=\"article\" \/>\n<meta property=\"og:title\" content=\"Arthur Butter - Wings - Mushroom Amigurumi Crochet Pattern | Trilingual PDF (ENG + ESP + PT)\" \/>\n<meta property=\"og:description\" content=\"Arthur Butter-Wings \u2013 a mushroom amigurumi PDF pattern with detailed steps, photos, and trilingual instructions. Designed by Dos Mar\u00edas y un Juan.\" \/>\n<meta property=\"og:url\" content=\"https:\/\/dosmariasyunjuan.com\/pt\/producto\/arthur-butter-wings-mushroom-amigurumi-pdf-crochet-pattern\/\" \/>\n<meta property=\"og:site_name\" content=\"Dos Marias y Un Juan\" \/>\n<meta property=\"article:modified_time\" content=\"2026-03-22T14:36:58+00:00\" \/>\n<meta property=\"og:image\" content=\"https:\/\/dosmariasyunjuan.com\/wp-content\/uploads\/2026\/03\/1.jpg\" \/>\n\t<meta property=\"og:image:width\" content=\"1237\" \/>\n\t<meta property=\"og:image:height\" content=\"1750\" \/>\n\t<meta property=\"og:image:type\" content=\"image\/jpeg\" \/>\n<meta name=\"twitter:card\" content=\"summary_large_image\" \/>\n<meta name=\"twitter:label1\" content=\"Est. tempo de leitura\" \/>\n\t<meta name=\"twitter:data1\" content=\"2 minutos\" \/>\n<script type=\"application\/ld+json\" class=\"yoast-schema-graph\">{\"@context\":\"https:\/\/schema.org\",\"@graph\":[{\"@type\":\"WebPage\",\"@id\":\"https:\/\/dosmariasyunjuan.com\/producto\/arthur-butter-wings-mushroom-amigurumi-pdf-crochet-pattern\/\",\"url\":\"https:\/\/dosmariasyunjuan.com\/producto\/arthur-butter-wings-mushroom-amigurumi-pdf-crochet-pattern\/\",\"name\":\"Arthur Butter-Wings Mushroom Crochet Pattern\",\"isPartOf\":{\"@id\":\"https:\/\/dosmariasyunjuan.com\/#website\"},\"primaryImageOfPage\":{\"@id\":\"https:\/\/dosmariasyunjuan.com\/producto\/arthur-butter-wings-mushroom-amigurumi-pdf-crochet-pattern\/#primaryimage\"},\"image\":{\"@id\":\"https:\/\/dosmariasyunjuan.com\/producto\/arthur-butter-wings-mushroom-amigurumi-pdf-crochet-pattern\/#primaryimage\"},\"thumbnailUrl\":\"https:\/\/dosmariasyunjuan.com\/wp-content\/uploads\/2026\/03\/1.jpg\",\"datePublished\":\"2026-03-22T14:36:57+00:00\",\"dateModified\":\"2026-03-22T14:36:58+00:00\",\"description\":\"Arthur Butter-Wings \u2013 a mushroom amigurumi PDF pattern with detailed steps, photos, and trilingual instructions. Designed by Dos Mar\u00edas y un Juan.\",\"breadcrumb\":{\"@id\":\"https:\/\/dosmariasyunjuan.com\/producto\/arthur-butter-wings-mushroom-amigurumi-pdf-crochet-pattern\/#breadcrumb\"},\"inLanguage\":\"pt-BR\",\"potentialAction\":[{\"@type\":\"ReadAction\",\"target\":[\"https:\/\/dosmariasyunjuan.com\/producto\/arthur-butter-wings-mushroom-amigurumi-pdf-crochet-pattern\/\"]}]},{\"@type\":\"ImageObject\",\"inLanguage\":\"pt-BR\",\"@id\":\"https:\/\/dosmariasyunjuan.com\/producto\/arthur-butter-wings-mushroom-amigurumi-pdf-crochet-pattern\/#primaryimage\",\"url\":\"https:\/\/dosmariasyunjuan.com\/wp-content\/uploads\/2026\/03\/1.jpg\",\"contentUrl\":\"https:\/\/dosmariasyunjuan.com\/wp-content\/uploads\/2026\/03\/1.jpg\",\"width\":1237,\"height\":1750,\"caption\":\"Arthur Butter-Wings \u2013 Forest Mushroom Micro-Guardian. Amigurumi crochet pattern by Dos Mar\u00edas y un Juan. March 2026.\"},{\"@type\":\"BreadcrumbList\",\"@id\":\"https:\/\/dosmariasyunjuan.com\/producto\/arthur-butter-wings-mushroom-amigurumi-pdf-crochet-pattern\/#breadcrumb\",\"itemListElement\":[{\"@type\":\"ListItem\",\"position\":1,\"name\":\"Home\",\"item\":\"https:\/\/dosmariasyunjuan.com\/\"},{\"@type\":\"ListItem\",\"position\":2,\"name\":\"Shop\",\"item\":\"https:\/\/dosmariasyunjuan.com\/amigurumi-crochet-patterns-shop\/\"},{\"@type\":\"ListItem\",\"position\":3,\"name\":\"Arthur Butter &#8211; Wings &#8211; Mushroom Amigurumi Crochet Pattern | Trilingual PDF (ENG + ESP + PT)\"}]},{\"@type\":\"WebSite\",\"@id\":\"https:\/\/dosmariasyunjuan.com\/#website\",\"url\":\"https:\/\/dosmariasyunjuan.com\/\",\"name\":\"Dos Marias y Un Juan\",\"description\":\"Crochet patterns\",\"publisher\":{\"@id\":\"https:\/\/dosmariasyunjuan.com\/#organization\"},\"potentialAction\":[{\"@type\":\"SearchAction\",\"target\":{\"@type\":\"EntryPoint\",\"urlTemplate\":\"https:\/\/dosmariasyunjuan.com\/?s={search_term_string}\"},\"query-input\":{\"@type\":\"PropertyValueSpecification\",\"valueRequired\":true,\"valueName\":\"search_term_string\"}}],\"inLanguage\":\"pt-BR\"},{\"@type\":\"Organization\",\"@id\":\"https:\/\/dosmariasyunjuan.com\/#organization\",\"name\":\"Dos Marias y Un Juan\",\"url\":\"https:\/\/dosmariasyunjuan.com\/\",\"logo\":{\"@type\":\"ImageObject\",\"inLanguage\":\"pt-BR\",\"@id\":\"https:\/\/dosmariasyunjuan.com\/#\/schema\/logo\/image\/\",\"url\":\"https:\/\/dosmariasyunjuan.com\/wp-content\/uploads\/2025\/05\/logo_round_beige_brown.png\",\"contentUrl\":\"https:\/\/dosmariasyunjuan.com\/wp-content\/uploads\/2025\/05\/logo_round_beige_brown.png\",\"width\":500,\"height\":500,\"caption\":\"Dos Marias y Un Juan\"},\"image\":{\"@id\":\"https:\/\/dosmariasyunjuan.com\/#\/schema\/logo\/image\/\"},\"sameAs\":[\"https:\/\/www.instagram.com\/dosmariasyunjuan\/\"]}]}<\/script>\n<!-- \/ Yoast SEO Premium plugin. -->","yoast_head_json":{"title":"Arthur Butter-Wings Mushroom Crochet Pattern","description":"Arthur Butter-Wings \u2013 a mushroom amigurumi PDF pattern with detailed steps, photos, and trilingual instructions. Designed by Dos Mar\u00edas y un Juan.","robots":{"index":"index","follow":"follow","max-snippet":"max-snippet:-1","max-image-preview":"max-image-preview:large","max-video-preview":"max-video-preview:-1"},"canonical":"https:\/\/dosmariasyunjuan.com\/pt\/producto\/arthur-butter-wings-mushroom-amigurumi-pdf-crochet-pattern\/","og_locale":"pt_BR","og_type":"article","og_title":"Arthur Butter - Wings - Mushroom Amigurumi Crochet Pattern | Trilingual PDF (ENG + ESP + PT)","og_description":"Arthur Butter-Wings \u2013 a mushroom amigurumi PDF pattern with detailed steps, photos, and trilingual instructions. Designed by Dos Mar\u00edas y un Juan.","og_url":"https:\/\/dosmariasyunjuan.com\/pt\/producto\/arthur-butter-wings-mushroom-amigurumi-pdf-crochet-pattern\/","og_site_name":"Dos Marias y Un Juan","article_modified_time":"2026-03-22T14:36:58+00:00","og_image":[{"width":1237,"height":1750,"url":"https:\/\/dosmariasyunjuan.com\/wp-content\/uploads\/2026\/03\/1.jpg","type":"image\/jpeg"}],"twitter_card":"summary_large_image","twitter_misc":{"Est. tempo de leitura":"2 minutos"},"schema":{"@context":"https:\/\/schema.org","@graph":[{"@type":"WebPage","@id":"https:\/\/dosmariasyunjuan.com\/producto\/arthur-butter-wings-mushroom-amigurumi-pdf-crochet-pattern\/","url":"https:\/\/dosmariasyunjuan.com\/producto\/arthur-butter-wings-mushroom-amigurumi-pdf-crochet-pattern\/","name":"Arthur Butter-Wings Mushroom Crochet Pattern","isPartOf":{"@id":"https:\/\/dosmariasyunjuan.com\/#website"},"primaryImageOfPage":{"@id":"https:\/\/dosmariasyunjuan.com\/producto\/arthur-butter-wings-mushroom-amigurumi-pdf-crochet-pattern\/#primaryimage"},"image":{"@id":"https:\/\/dosmariasyunjuan.com\/producto\/arthur-butter-wings-mushroom-amigurumi-pdf-crochet-pattern\/#primaryimage"},"thumbnailUrl":"https:\/\/dosmariasyunjuan.com\/wp-content\/uploads\/2026\/03\/1.jpg","datePublished":"2026-03-22T14:36:57+00:00","dateModified":"2026-03-22T14:36:58+00:00","description":"Arthur Butter-Wings \u2013 a mushroom amigurumi PDF pattern with detailed steps, photos, and trilingual instructions. Designed by Dos Mar\u00edas y un Juan.","breadcrumb":{"@id":"https:\/\/dosmariasyunjuan.com\/producto\/arthur-butter-wings-mushroom-amigurumi-pdf-crochet-pattern\/#breadcrumb"},"inLanguage":"pt-BR","potentialAction":[{"@type":"ReadAction","target":["https:\/\/dosmariasyunjuan.com\/producto\/arthur-butter-wings-mushroom-amigurumi-pdf-crochet-pattern\/"]}]},{"@type":"ImageObject","inLanguage":"pt-BR","@id":"https:\/\/dosmariasyunjuan.com\/producto\/arthur-butter-wings-mushroom-amigurumi-pdf-crochet-pattern\/#primaryimage","url":"https:\/\/dosmariasyunjuan.com\/wp-content\/uploads\/2026\/03\/1.jpg","contentUrl":"https:\/\/dosmariasyunjuan.com\/wp-content\/uploads\/2026\/03\/1.jpg","width":1237,"height":1750,"caption":"Arthur Butter-Wings \u2013 Forest Mushroom Micro-Guardian. Amigurumi crochet pattern by Dos Mar\u00edas y un Juan. March 2026."},{"@type":"BreadcrumbList","@id":"https:\/\/dosmariasyunjuan.com\/producto\/arthur-butter-wings-mushroom-amigurumi-pdf-crochet-pattern\/#breadcrumb","itemListElement":[{"@type":"ListItem","position":1,"name":"Home","item":"https:\/\/dosmariasyunjuan.com\/"},{"@type":"ListItem","position":2,"name":"Shop","item":"https:\/\/dosmariasyunjuan.com\/amigurumi-crochet-patterns-shop\/"},{"@type":"ListItem","position":3,"name":"Arthur Butter &#8211; Wings &#8211; Mushroom Amigurumi Crochet Pattern | Trilingual PDF (ENG + ESP + PT)"}]},{"@type":"WebSite","@id":"https:\/\/dosmariasyunjuan.com\/#website","url":"https:\/\/dosmariasyunjuan.com\/","name":"Dos Marias y Un Juan","description":"Padr\u00f5es de amigurumi","publisher":{"@id":"https:\/\/dosmariasyunjuan.com\/#organization"},"potentialAction":[{"@type":"SearchAction","target":{"@type":"EntryPoint","urlTemplate":"https:\/\/dosmariasyunjuan.com\/?s={search_term_string}"},"query-input":{"@type":"PropertyValueSpecification","valueRequired":true,"valueName":"search_term_string"}}],"inLanguage":"pt-BR"},{"@type":"Organization","@id":"https:\/\/dosmariasyunjuan.com\/#organization","name":"Dos Marias y Un Juan","url":"https:\/\/dosmariasyunjuan.com\/","logo":{"@type":"ImageObject","inLanguage":"pt-BR","@id":"https:\/\/dosmariasyunjuan.com\/#\/schema\/logo\/image\/","url":"https:\/\/dosmariasyunjuan.com\/wp-content\/uploads\/2025\/05\/logo_round_beige_brown.png","contentUrl":"https:\/\/dosmariasyunjuan.com\/wp-content\/uploads\/2025\/05\/logo_round_beige_brown.png","width":500,"height":500,"caption":"Dos Marias y Un Juan"},"image":{"@id":"https:\/\/dosmariasyunjuan.com\/#\/schema\/logo\/image\/"},"sameAs":["https:\/\/www.instagram.com\/dosmariasyunjuan\/"]}]}},"pbg_featured_image_src":{"full":["https:\/\/dosmariasyunjuan.com\/wp-content\/uploads\/2026\/03\/1.jpg",1237,1750,false],"thumbnail":["https:\/\/dosmariasyunjuan.com\/wp-content\/uploads\/2026\/03\/1-150x150.jpg",150,150,true],"medium":["https:\/\/dosmariasyunjuan.com\/wp-content\/uploads\/2026\/03\/1-212x300.jpg",212,300,true],"medium_large":["https:\/\/dosmariasyunjuan.com\/wp-content\/uploads\/2026\/03\/1-768x1086.jpg",768,1086,true],"large":["https:\/\/dosmariasyunjuan.com\/wp-content\/uploads\/2026\/03\/1-724x1024.jpg",724,1024,true],"1536x1536":["https:\/\/dosmariasyunjuan.com\/wp-content\/uploads\/2026\/03\/1-1086x1536.jpg",1086,1536,true],"2048x2048":["https:\/\/dosmariasyunjuan.com\/wp-content\/uploads\/2026\/03\/1.jpg",1237,1750,false],"trp-custom-language-flag":["https:\/\/dosmariasyunjuan.com\/wp-content\/uploads\/2026\/03\/1-8x12.jpg",8,12,true],"et-pb-post-main-image":["https:\/\/dosmariasyunjuan.com\/wp-content\/uploads\/2026\/03\/1-400x250.jpg",400,250,true],"et-pb-post-main-image-fullwidth":["https:\/\/dosmariasyunjuan.com\/wp-content\/uploads\/2026\/03\/1-1080x675.jpg",1080,675,true],"et-pb-portfolio-image":["https:\/\/dosmariasyunjuan.com\/wp-content\/uploads\/2026\/03\/1-400x284.jpg",400,284,true],"et-pb-portfolio-module-image":["https:\/\/dosmariasyunjuan.com\/wp-content\/uploads\/2026\/03\/1-510x382.jpg",510,382,true],"et-pb-portfolio-image-single":["https:\/\/dosmariasyunjuan.com\/wp-content\/uploads\/2026\/03\/1-1080x1528.jpg",1080,1528,true],"et-pb-gallery-module-image-portrait":["https:\/\/dosmariasyunjuan.com\/wp-content\/uploads\/2026\/03\/1-400x516.jpg",400,516,true],"et-pb-post-main-image-fullwidth-large":["https:\/\/dosmariasyunjuan.com\/wp-content\/uploads\/2026\/03\/1.jpg",1237,1750,false],"et-pb-image--responsive--desktop":["https:\/\/dosmariasyunjuan.com\/wp-content\/uploads\/2026\/03\/1.jpg",509,720,false],"et-pb-image--responsive--tablet":["https:\/\/dosmariasyunjuan.com\/wp-content\/uploads\/2026\/03\/1-980x1386.jpg",390,551,true],"et-pb-image--responsive--phone":["https:\/\/dosmariasyunjuan.com\/wp-content\/uploads\/2026\/03\/1-480x679.jpg",191,270,true],"woocommerce_thumbnail":["https:\/\/dosmariasyunjuan.com\/wp-content\/uploads\/2026\/03\/1-600x600.jpg",600,600,true],"woocommerce_single":["https:\/\/dosmariasyunjuan.com\/wp-content\/uploads\/2026\/03\/1-800x1132.jpg",800,1132,true],"woocommerce_gallery_thumbnail":["https:\/\/dosmariasyunjuan.com\/wp-content\/uploads\/2026\/03\/1-100x100.jpg",100,100,true]},"pbg_author_info":{"display_name":"DosMariasyUnJuan","author_link":"https:\/\/dosmariasyunjuan.com\/pt\/author\/","author_img":"<img alt='DosMariasyUnJuan' src='https:\/\/secure.gravatar.com\/avatar\/4d1b1b79e326eb16a9585dc410165b35e86f4b41679da6caf932b0a5c25787fa?s=128&#038;d=mm&#038;r=g' srcset='https:\/\/secure.gravatar.com\/avatar\/4d1b1b79e326eb16a9585dc410165b35e86f4b41679da6caf932b0a5c25787fa?s=256&#038;d=mm&#038;r=g 2x' class='avatar avatar-128 photo' height='128' width='128' loading='lazy' decoding='async'\/>"},"pbg_comment_info":" No Comments","pbg_excerpt":"ENGLISH \u2014 Arthur Butter-Wings \u2013 Mushroom Amigurumi Crochet Pattern | Trilingual PDF (ENG + ESP + PT).Forest Mushroom Micro-Guardian. Noble by intention. Clumsy by nature. Adorable beyond repair. Includes FULL CROCHET PATTERN, detailed step-by-step instructions, high-quality photos and collectible Pocket Lore Card. Digital PDF crochet pattern ONLY \u2014 no finished item included. ESPA\u00d1OL \u2014 Arthur&hellip;","jetpack_sharing_enabled":true,"_links":{"self":[{"href":"https:\/\/dosmariasyunjuan.com\/pt\/wp-json\/wp\/v2\/product\/1728","targetHints":{"allow":["GET"]}}],"collection":[{"href":"https:\/\/dosmariasyunjuan.com\/pt\/wp-json\/wp\/v2\/product"}],"about":[{"href":"https:\/\/dosmariasyunjuan.com\/pt\/wp-json\/wp\/v2\/types\/product"}],"replies":[{"embeddable":true,"href":"https:\/\/dosmariasyunjuan.com\/pt\/wp-json\/wp\/v2\/comments?post=1728"}],"wp:featuredmedia":[{"embeddable":true,"href":"https:\/\/dosmariasyunjuan.com\/pt\/wp-json\/wp\/v2\/media\/1734"}],"wp:attachment":[{"href":"https:\/\/dosmariasyunjuan.com\/pt\/wp-json\/wp\/v2\/media?parent=1728"}],"wp:term":[{"taxonomy":"product_brand","embeddable":true,"href":"https:\/\/dosmariasyunjuan.com\/pt\/wp-json\/wp\/v2\/product_brand?post=1728"},{"taxonomy":"product_cat","embeddable":true,"href":"https:\/\/dosmariasyunjuan.com\/pt\/wp-json\/wp\/v2\/product_cat?post=1728"},{"taxonomy":"product_tag","embeddable":true,"href":"https:\/\/dosmariasyunjuan.com\/pt\/wp-json\/wp\/v2\/product_tag?post=1728"}],"curies":[{"name":"wp","href":"https:\/\/api.w.org\/{rel}","templated":true}]}}