{"id":609,"date":"2025-04-03T15:57:23","date_gmt":"2025-04-03T18:57:23","guid":{"rendered":"https:\/\/dosmariasyunjuan.com\/?post_type=product&#038;p=609"},"modified":"2026-04-08T21:15:55","modified_gmt":"2026-04-09T00:15:55","slug":"spring-bunny-crochet-pattern","status":"publish","type":"product","link":"https:\/\/dosmariasyunjuan.com\/es\/producto\/spring-bunny-crochet-pattern\/","title":{"rendered":"Spring Bunny Crochet Pattern | Trilingual PDF (ENG + ESP + PT)"},"content":{"rendered":"<h3 data-start=\"217\" data-end=\"256\"><a href=\"https:\/\/pay.hotmart.com\/C105298462H\"><a href='https:\/\/pay.hotmart.com\/C105298462H' class='small-button smallblue'>Sin Paypal? Paga aqu\u00ed (ARS\/LATAM)<\/a><\/a><\/p>\n<p>\ud83c\uddec\ud83c\udde7 SPRING BUNNY CROCHET PATTERN<\/h3>\n<p data-start=\"257\" data-end=\"360\">A sweet and detailed amigurumi design available in <strong data-start=\"308\" data-end=\"323\">3 languages<\/strong>: English, Spanish, and Portuguese.<\/p>\n<p data-start=\"362\" data-end=\"529\">Instant download \u2013 digital PDF ONLY (no finished toy included).<br data-start=\"428\" data-end=\"431\" \/>\u00a0Includes step-by-step instructions, helpful photos, and bonus accessories (carrot and daisy).<\/p>\n<p data-start=\"531\" data-end=\"707\">You can also get the <strong data-start=\"554\" data-end=\"570\">mini version<\/strong> to complete your bundle.<br data-start=\"595\" data-end=\"598\" \/>Part of the #springbunnyverse by Dos Mar\u00edas y un Juan \u2014 a soft world of handmade joy and poetic crochet.<\/p>\n<p data-start=\"709\" data-end=\"796\">Download all 3 languages as many times as you like \u2014 the download <strong data-start=\"778\" data-end=\"795\">NEVER EXPIRES<\/strong>.<\/p>\n<hr data-start=\"798\" data-end=\"801\" \/>\n<h3 data-start=\"803\" data-end=\"844\">\ud83c\uddea\ud83c\uddf8 PATR\u00d3N DE CROCHET SPRING BUNNY<\/h3>\n<p data-start=\"845\" data-end=\"954\">Un dise\u00f1o tierno y detallado de amigurumi en PDF, disponible en <strong data-start=\"909\" data-end=\"922\">3 idiomas<\/strong>: ingl\u00e9s, espa\u00f1ol y portugu\u00e9s.<\/p>\n<p data-start=\"956\" data-end=\"1131\">Descarga instant\u00e1nea \u2013 SOLO PDF digital (no incluye el mu\u00f1eco terminado).<\/p>\n<p data-start=\"956\" data-end=\"1131\">\u00a0Incluye instrucciones paso a paso, fotos \u00fatiles y accesorios extra (zanahoria y margarita).<\/p>\n<p data-start=\"1133\" data-end=\"1323\">Tambi\u00e9n pod\u00e9s conseguir la <strong data-start=\"1162\" data-end=\"1178\">versi\u00f3n mini<\/strong> para completar el bundle.<br data-start=\"1204\" data-end=\"1207\" \/>\u00a0Parte del #springbunnyverse de Dos Mar\u00edas y un Juan \u2014 un mundo suave de alegr\u00eda hecha a mano y crochet po\u00e9tico.<\/p>\n<p data-start=\"1325\" data-end=\"1421\">Podr\u00e1s descargar los 3 idiomas todas las veces que quieras \u2014 la descarga <strong data-start=\"1401\" data-end=\"1414\">NO CADUCA<\/strong> nunca.<\/p>\n<hr data-start=\"1423\" data-end=\"1426\" \/>\n<h3 data-start=\"1428\" data-end=\"1468\">\ud83c\udde7\ud83c\uddf7 PADR\u00c3O DE CROCH\u00ca SPRING BUNNY<\/h3>\n<p data-start=\"1469\" data-end=\"1577\">Um design fofo e detalhado em PDF de amigurumi, dispon\u00edvel em <strong data-start=\"1531\" data-end=\"1544\">3 idiomas<\/strong>: ingl\u00eas, espanhol e portugu\u00eas.<\/p>\n<p data-start=\"1579\" data-end=\"1749\">Download instant\u00e2neo \u2013 SOMENTE PDF digital (n\u00e3o inclui o boneco pronto).<br data-start=\"1654\" data-end=\"1657\" \/>Inclui instru\u00e7\u00f5es passo a passo, fotos \u00fateis e acess\u00f3rios extras (cenoura e margarida).<\/p>\n<p data-start=\"1751\" data-end=\"1937\">Voc\u00ea tamb\u00e9m pode adquirir a <strong data-start=\"1781\" data-end=\"1796\">vers\u00e3o mini<\/strong> para completar o bundle.<br data-start=\"1821\" data-end=\"1824\" \/>Parte do #springbunnyverse de Dos Mar\u00edas y un Juan \u2014 um mundo suave de alegria feita \u00e0 m\u00e3o e croch\u00ea po\u00e9tico.<\/p>\n<p data-start=\"1939\" data-end=\"2023\">Voc\u00ea poder\u00e1 baixar os 3 idiomas quantas vezes quiser \u2014 o download <strong data-start=\"2008\" data-end=\"2022\">N\u00c3O EXPIRA<\/strong>.<\/p>\n<p>&nbsp;<\/p>","protected":false},"excerpt":{"rendered":"<p>\ud83c\uddec\ud83c\udde7 <strong data-start=\"106\" data-end=\"190\">Spring Bunny Crochet Pattern \u2014 PDF available in English, Spanish and Portuguese.<\/strong><br data-start=\"190\" data-end=\"193\" \/>\ud83c\uddea\ud83c\uddf8 <strong data-start=\"198\" data-end=\"282\">Patr\u00f3n de conejito Spring Bunny \u2014 PDF disponible en ingl\u00e9s, espa\u00f1ol y portugu\u00e9s.<\/strong><br data-start=\"282\" data-end=\"285\" \/>\ud83c\udde7\ud83c\uddf7 <strong data-start=\"290\" data-end=\"373\">Padr\u00e3o Spring Bunny de croch\u00ea \u2014 PDF dispon\u00edvel em ingl\u00eas, espanhol e portugu\u00eas. <\/strong>\u00a0A cozy and customizable crochet pattern by Dos Mar\u00edas y un Juan \u2014 now available in three languages.<br data-start=\"700\" data-end=\"703\" \/>Includes step-by-step instructions, photos.<br data-start=\"769\" data-end=\"772\" \/><strong data-start=\"772\" data-end=\"820\">Digital download only \u2014 no physical product.<\/strong><\/p>","protected":false},"featured_media":619,"comment_status":"open","ping_status":"closed","template":"","meta":{"_et_pb_use_builder":"","_et_pb_old_content":"","_et_gb_content_width":""},"product_brand":[],"product_cat":[22],"product_tag":[40,41,42,37,44,45,43,59],"class_list":{"0":"post-609","1":"product","2":"type-product","3":"status-publish","4":"has-post-thumbnail","6":"product_cat-crochet-patterns","7":"product_tag-amigurumi","8":"product_tag-bunny-pattern","9":"product_tag-crochet-bunny","10":"product_tag-crochet-gift","11":"product_tag-handmade-toy","12":"product_tag-pdf-pattern","13":"product_tag-spring-pattern","14":"product_tag-three-languages","16":"first","17":"instock","18":"downloadable","19":"virtual","20":"purchasable","21":"product-type-simple"},"yoast_head":"<!-- This site is optimized with the Yoast SEO Premium plugin v25.1 (Yoast SEO v27.2) - https:\/\/yoast.com\/product\/yoast-seo-premium-wordpress\/ -->\n<title>Spring Bunny Crochet Pattern | PDF EN|ES|PT<\/title>\n<meta name=\"description\" content=\"Spring Bunny crochet pattern \u2013 English and Spanish PDF. Amigurumi bunny to crochet with detailed steps, soft charm, and joyful spring vibes.\" \/>\n<meta name=\"robots\" content=\"index, follow, max-snippet:-1, max-image-preview:large, max-video-preview:-1\" \/>\n<link rel=\"canonical\" href=\"https:\/\/dosmariasyunjuan.com\/es\/producto\/spring-bunny-crochet-pattern\/\" \/>\n<meta property=\"og:locale\" content=\"es_ES\" \/>\n<meta property=\"og:type\" content=\"article\" \/>\n<meta property=\"og:title\" content=\"Spring Bunny Crochet Pattern | Trilingual PDF (ENG + ESP + PT)\" \/>\n<meta property=\"og:description\" content=\"Spring Bunny crochet pattern \u2013 English and Spanish PDF. Amigurumi bunny to crochet with detailed steps, soft charm, and joyful spring vibes.\" \/>\n<meta property=\"og:url\" content=\"https:\/\/dosmariasyunjuan.com\/es\/producto\/spring-bunny-crochet-pattern\/\" \/>\n<meta property=\"og:site_name\" content=\"Dos Marias y Un Juan\" \/>\n<meta property=\"article:modified_time\" content=\"2026-04-09T00:15:55+00:00\" \/>\n<meta property=\"og:image\" content=\"https:\/\/dosmariasyunjuan.com\/wp-content\/uploads\/2025\/04\/Copy-1-ENG-SPRING-BUNNY-CROCHET-PATTERN-.zip-1-721x1024.png\" \/>\n\t<meta property=\"og:image:width\" content=\"721\" \/>\n\t<meta property=\"og:image:height\" content=\"1024\" \/>\n\t<meta property=\"og:image:type\" content=\"image\/png\" \/>\n<meta name=\"twitter:card\" content=\"summary_large_image\" \/>\n<meta name=\"twitter:label1\" content=\"Tiempo de lectura\" \/>\n\t<meta name=\"twitter:data1\" content=\"2 minutos\" \/>\n<script type=\"application\/ld+json\" class=\"yoast-schema-graph\">{\"@context\":\"https:\/\/schema.org\",\"@graph\":[{\"@type\":\"WebPage\",\"@id\":\"https:\/\/dosmariasyunjuan.com\/producto\/spring-bunny-crochet-pattern\/\",\"url\":\"https:\/\/dosmariasyunjuan.com\/producto\/spring-bunny-crochet-pattern\/\",\"name\":\"Spring Bunny Crochet Pattern | PDF EN|ES|PT\",\"isPartOf\":{\"@id\":\"https:\/\/dosmariasyunjuan.com\/#website\"},\"primaryImageOfPage\":{\"@id\":\"https:\/\/dosmariasyunjuan.com\/producto\/spring-bunny-crochet-pattern\/#primaryimage\"},\"image\":{\"@id\":\"https:\/\/dosmariasyunjuan.com\/producto\/spring-bunny-crochet-pattern\/#primaryimage\"},\"thumbnailUrl\":\"https:\/\/dosmariasyunjuan.com\/wp-content\/uploads\/2025\/04\/Copy-1-ENG-SPRING-BUNNY-CROCHET-PATTERN-.zip-1.png\",\"datePublished\":\"2025-04-03T18:57:23+00:00\",\"dateModified\":\"2026-04-09T00:15:55+00:00\",\"description\":\"Spring Bunny crochet pattern \u2013 English and Spanish PDF. Amigurumi bunny to crochet with detailed steps, soft charm, and joyful spring vibes.\",\"breadcrumb\":{\"@id\":\"https:\/\/dosmariasyunjuan.com\/producto\/spring-bunny-crochet-pattern\/#breadcrumb\"},\"inLanguage\":\"es\",\"potentialAction\":[{\"@type\":\"ReadAction\",\"target\":[\"https:\/\/dosmariasyunjuan.com\/producto\/spring-bunny-crochet-pattern\/\"]}]},{\"@type\":\"ImageObject\",\"inLanguage\":\"es\",\"@id\":\"https:\/\/dosmariasyunjuan.com\/producto\/spring-bunny-crochet-pattern\/#primaryimage\",\"url\":\"https:\/\/dosmariasyunjuan.com\/wp-content\/uploads\/2025\/04\/Copy-1-ENG-SPRING-BUNNY-CROCHET-PATTERN-.zip-1.png\",\"contentUrl\":\"https:\/\/dosmariasyunjuan.com\/wp-content\/uploads\/2025\/04\/Copy-1-ENG-SPRING-BUNNY-CROCHET-PATTERN-.zip-1.png\",\"width\":1409,\"height\":2000,\"caption\":\"Pattern includes English and Spanish PDF\"},{\"@type\":\"BreadcrumbList\",\"@id\":\"https:\/\/dosmariasyunjuan.com\/producto\/spring-bunny-crochet-pattern\/#breadcrumb\",\"itemListElement\":[{\"@type\":\"ListItem\",\"position\":1,\"name\":\"Home\",\"item\":\"https:\/\/dosmariasyunjuan.com\/\"},{\"@type\":\"ListItem\",\"position\":2,\"name\":\"Shop\",\"item\":\"https:\/\/dosmariasyunjuan.com\/amigurumi-crochet-patterns-shop\/\"},{\"@type\":\"ListItem\",\"position\":3,\"name\":\"Spring Bunny Crochet Pattern | Trilingual PDF (ENG + ESP + PT)\"}]},{\"@type\":\"WebSite\",\"@id\":\"https:\/\/dosmariasyunjuan.com\/#website\",\"url\":\"https:\/\/dosmariasyunjuan.com\/\",\"name\":\"Dos Marias y Un Juan\",\"description\":\"Crochet patterns\",\"publisher\":{\"@id\":\"https:\/\/dosmariasyunjuan.com\/#organization\"},\"potentialAction\":[{\"@type\":\"SearchAction\",\"target\":{\"@type\":\"EntryPoint\",\"urlTemplate\":\"https:\/\/dosmariasyunjuan.com\/?s={search_term_string}\"},\"query-input\":{\"@type\":\"PropertyValueSpecification\",\"valueRequired\":true,\"valueName\":\"search_term_string\"}}],\"inLanguage\":\"es\"},{\"@type\":\"Organization\",\"@id\":\"https:\/\/dosmariasyunjuan.com\/#organization\",\"name\":\"Dos Marias y Un Juan\",\"url\":\"https:\/\/dosmariasyunjuan.com\/\",\"logo\":{\"@type\":\"ImageObject\",\"inLanguage\":\"es\",\"@id\":\"https:\/\/dosmariasyunjuan.com\/#\/schema\/logo\/image\/\",\"url\":\"https:\/\/dosmariasyunjuan.com\/wp-content\/uploads\/2025\/05\/logo_round_beige_brown.png\",\"contentUrl\":\"https:\/\/dosmariasyunjuan.com\/wp-content\/uploads\/2025\/05\/logo_round_beige_brown.png\",\"width\":500,\"height\":500,\"caption\":\"Dos Marias y Un Juan\"},\"image\":{\"@id\":\"https:\/\/dosmariasyunjuan.com\/#\/schema\/logo\/image\/\"},\"sameAs\":[\"https:\/\/www.instagram.com\/dosmariasyunjuan\/\"]}]}<\/script>\n<!-- \/ Yoast SEO Premium plugin. -->","yoast_head_json":{"title":"Spring Bunny Crochet Pattern | PDF EN|ES|PT","description":"Spring Bunny crochet pattern \u2013 English and Spanish PDF. Amigurumi bunny to crochet with detailed steps, soft charm, and joyful spring vibes.","robots":{"index":"index","follow":"follow","max-snippet":"max-snippet:-1","max-image-preview":"max-image-preview:large","max-video-preview":"max-video-preview:-1"},"canonical":"https:\/\/dosmariasyunjuan.com\/es\/producto\/spring-bunny-crochet-pattern\/","og_locale":"es_ES","og_type":"article","og_title":"Spring Bunny Crochet Pattern | Trilingual PDF (ENG + ESP + PT)","og_description":"Spring Bunny crochet pattern \u2013 English and Spanish PDF. Amigurumi bunny to crochet with detailed steps, soft charm, and joyful spring vibes.","og_url":"https:\/\/dosmariasyunjuan.com\/es\/producto\/spring-bunny-crochet-pattern\/","og_site_name":"Dos Marias y Un Juan","article_modified_time":"2026-04-09T00:15:55+00:00","og_image":[{"width":721,"height":1024,"url":"https:\/\/dosmariasyunjuan.com\/wp-content\/uploads\/2025\/04\/Copy-1-ENG-SPRING-BUNNY-CROCHET-PATTERN-.zip-1-721x1024.png","type":"image\/png"}],"twitter_card":"summary_large_image","twitter_misc":{"Tiempo de lectura":"2 minutos"},"schema":{"@context":"https:\/\/schema.org","@graph":[{"@type":"WebPage","@id":"https:\/\/dosmariasyunjuan.com\/producto\/spring-bunny-crochet-pattern\/","url":"https:\/\/dosmariasyunjuan.com\/producto\/spring-bunny-crochet-pattern\/","name":"Spring Bunny Crochet Pattern | PDF EN|ES|PT","isPartOf":{"@id":"https:\/\/dosmariasyunjuan.com\/#website"},"primaryImageOfPage":{"@id":"https:\/\/dosmariasyunjuan.com\/producto\/spring-bunny-crochet-pattern\/#primaryimage"},"image":{"@id":"https:\/\/dosmariasyunjuan.com\/producto\/spring-bunny-crochet-pattern\/#primaryimage"},"thumbnailUrl":"https:\/\/dosmariasyunjuan.com\/wp-content\/uploads\/2025\/04\/Copy-1-ENG-SPRING-BUNNY-CROCHET-PATTERN-.zip-1.png","datePublished":"2025-04-03T18:57:23+00:00","dateModified":"2026-04-09T00:15:55+00:00","description":"Spring Bunny crochet pattern \u2013 English and Spanish PDF. Amigurumi bunny to crochet with detailed steps, soft charm, and joyful spring vibes.","breadcrumb":{"@id":"https:\/\/dosmariasyunjuan.com\/producto\/spring-bunny-crochet-pattern\/#breadcrumb"},"inLanguage":"es","potentialAction":[{"@type":"ReadAction","target":["https:\/\/dosmariasyunjuan.com\/producto\/spring-bunny-crochet-pattern\/"]}]},{"@type":"ImageObject","inLanguage":"es","@id":"https:\/\/dosmariasyunjuan.com\/producto\/spring-bunny-crochet-pattern\/#primaryimage","url":"https:\/\/dosmariasyunjuan.com\/wp-content\/uploads\/2025\/04\/Copy-1-ENG-SPRING-BUNNY-CROCHET-PATTERN-.zip-1.png","contentUrl":"https:\/\/dosmariasyunjuan.com\/wp-content\/uploads\/2025\/04\/Copy-1-ENG-SPRING-BUNNY-CROCHET-PATTERN-.zip-1.png","width":1409,"height":2000,"caption":"Pattern includes English and Spanish PDF"},{"@type":"BreadcrumbList","@id":"https:\/\/dosmariasyunjuan.com\/producto\/spring-bunny-crochet-pattern\/#breadcrumb","itemListElement":[{"@type":"ListItem","position":1,"name":"Home","item":"https:\/\/dosmariasyunjuan.com\/"},{"@type":"ListItem","position":2,"name":"Shop","item":"https:\/\/dosmariasyunjuan.com\/amigurumi-crochet-patterns-shop\/"},{"@type":"ListItem","position":3,"name":"Spring Bunny Crochet Pattern | Trilingual PDF (ENG + ESP + PT)"}]},{"@type":"WebSite","@id":"https:\/\/dosmariasyunjuan.com\/#website","url":"https:\/\/dosmariasyunjuan.com\/","name":"Dos Marias y Un Juan","description":"Patrones de amigurumi","publisher":{"@id":"https:\/\/dosmariasyunjuan.com\/#organization"},"potentialAction":[{"@type":"SearchAction","target":{"@type":"EntryPoint","urlTemplate":"https:\/\/dosmariasyunjuan.com\/?s={search_term_string}"},"query-input":{"@type":"PropertyValueSpecification","valueRequired":true,"valueName":"search_term_string"}}],"inLanguage":"es"},{"@type":"Organization","@id":"https:\/\/dosmariasyunjuan.com\/#organization","name":"Dos Marias y Un Juan","url":"https:\/\/dosmariasyunjuan.com\/","logo":{"@type":"ImageObject","inLanguage":"es","@id":"https:\/\/dosmariasyunjuan.com\/#\/schema\/logo\/image\/","url":"https:\/\/dosmariasyunjuan.com\/wp-content\/uploads\/2025\/05\/logo_round_beige_brown.png","contentUrl":"https:\/\/dosmariasyunjuan.com\/wp-content\/uploads\/2025\/05\/logo_round_beige_brown.png","width":500,"height":500,"caption":"Dos Marias y Un Juan"},"image":{"@id":"https:\/\/dosmariasyunjuan.com\/#\/schema\/logo\/image\/"},"sameAs":["https:\/\/www.instagram.com\/dosmariasyunjuan\/"]}]}},"pbg_featured_image_src":{"full":["https:\/\/dosmariasyunjuan.com\/wp-content\/uploads\/2025\/04\/Copy-1-ENG-SPRING-BUNNY-CROCHET-PATTERN-.zip-1.png",1409,2000,false],"thumbnail":["https:\/\/dosmariasyunjuan.com\/wp-content\/uploads\/2025\/04\/Copy-1-ENG-SPRING-BUNNY-CROCHET-PATTERN-.zip-1-150x150.png",150,150,true],"medium":["https:\/\/dosmariasyunjuan.com\/wp-content\/uploads\/2025\/04\/Copy-1-ENG-SPRING-BUNNY-CROCHET-PATTERN-.zip-1-211x300.png",211,300,true],"medium_large":["https:\/\/dosmariasyunjuan.com\/wp-content\/uploads\/2025\/04\/Copy-1-ENG-SPRING-BUNNY-CROCHET-PATTERN-.zip-1-768x1090.png",768,1090,true],"large":["https:\/\/dosmariasyunjuan.com\/wp-content\/uploads\/2025\/04\/Copy-1-ENG-SPRING-BUNNY-CROCHET-PATTERN-.zip-1-721x1024.png",721,1024,true],"1536x1536":["https:\/\/dosmariasyunjuan.com\/wp-content\/uploads\/2025\/04\/Copy-1-ENG-SPRING-BUNNY-CROCHET-PATTERN-.zip-1-1082x1536.png",1082,1536,true],"2048x2048":["https:\/\/dosmariasyunjuan.com\/wp-content\/uploads\/2025\/04\/Copy-1-ENG-SPRING-BUNNY-CROCHET-PATTERN-.zip-1.png",1409,2000,false],"trp-custom-language-flag":["https:\/\/dosmariasyunjuan.com\/wp-content\/uploads\/2025\/04\/Copy-1-ENG-SPRING-BUNNY-CROCHET-PATTERN-.zip-1.png",8,12,false],"et-pb-post-main-image":["https:\/\/dosmariasyunjuan.com\/wp-content\/uploads\/2025\/04\/Copy-1-ENG-SPRING-BUNNY-CROCHET-PATTERN-.zip-1-400x250.png",400,250,true],"et-pb-post-main-image-fullwidth":["https:\/\/dosmariasyunjuan.com\/wp-content\/uploads\/2025\/04\/Copy-1-ENG-SPRING-BUNNY-CROCHET-PATTERN-.zip-1-1080x675.png",1080,675,true],"et-pb-portfolio-image":["https:\/\/dosmariasyunjuan.com\/wp-content\/uploads\/2025\/04\/Copy-1-ENG-SPRING-BUNNY-CROCHET-PATTERN-.zip-1-400x284.png",400,284,true],"et-pb-portfolio-module-image":["https:\/\/dosmariasyunjuan.com\/wp-content\/uploads\/2025\/04\/Copy-1-ENG-SPRING-BUNNY-CROCHET-PATTERN-.zip-1-510x382.png",510,382,true],"et-pb-portfolio-image-single":["https:\/\/dosmariasyunjuan.com\/wp-content\/uploads\/2025\/04\/Copy-1-ENG-SPRING-BUNNY-CROCHET-PATTERN-.zip-1-1080x1533.png",1080,1533,true],"et-pb-gallery-module-image-portrait":["https:\/\/dosmariasyunjuan.com\/wp-content\/uploads\/2025\/04\/Copy-1-ENG-SPRING-BUNNY-CROCHET-PATTERN-.zip-1-400x516.png",400,516,true],"et-pb-post-main-image-fullwidth-large":["https:\/\/dosmariasyunjuan.com\/wp-content\/uploads\/2025\/04\/Copy-1-ENG-SPRING-BUNNY-CROCHET-PATTERN-.zip-1-1409x1800.png",1409,1800,true],"et-pb-image--responsive--desktop":["https:\/\/dosmariasyunjuan.com\/wp-content\/uploads\/2025\/04\/Copy-1-ENG-SPRING-BUNNY-CROCHET-PATTERN-.zip-1-1280x1817.png",507,720,true],"et-pb-image--responsive--tablet":["https:\/\/dosmariasyunjuan.com\/wp-content\/uploads\/2025\/04\/Copy-1-ENG-SPRING-BUNNY-CROCHET-PATTERN-.zip-1-980x1391.png",388,551,true],"et-pb-image--responsive--phone":["https:\/\/dosmariasyunjuan.com\/wp-content\/uploads\/2025\/04\/Copy-1-ENG-SPRING-BUNNY-CROCHET-PATTERN-.zip-1-480x681.png",190,270,true],"woocommerce_thumbnail":["https:\/\/dosmariasyunjuan.com\/wp-content\/uploads\/2025\/04\/Copy-1-ENG-SPRING-BUNNY-CROCHET-PATTERN-.zip-1-600x600.png",600,600,true],"woocommerce_single":["https:\/\/dosmariasyunjuan.com\/wp-content\/uploads\/2025\/04\/Copy-1-ENG-SPRING-BUNNY-CROCHET-PATTERN-.zip-1-800x1136.png",800,1136,true],"woocommerce_gallery_thumbnail":["https:\/\/dosmariasyunjuan.com\/wp-content\/uploads\/2025\/04\/Copy-1-ENG-SPRING-BUNNY-CROCHET-PATTERN-.zip-1-100x100.png",100,100,true]},"pbg_author_info":{"display_name":"DosMariasyUnJuan","author_link":"https:\/\/dosmariasyunjuan.com\/es\/author\/","author_img":"<img alt='DosMariasyUnJuan' src='https:\/\/secure.gravatar.com\/avatar\/4d1b1b79e326eb16a9585dc410165b35e86f4b41679da6caf932b0a5c25787fa?s=128&#038;d=mm&#038;r=g' srcset='https:\/\/secure.gravatar.com\/avatar\/4d1b1b79e326eb16a9585dc410165b35e86f4b41679da6caf932b0a5c25787fa?s=256&#038;d=mm&#038;r=g 2x' class='avatar avatar-128 photo' height='128' width='128' loading='lazy' decoding='async'\/>"},"pbg_comment_info":"3 comment","pbg_excerpt":"\ud83c\uddec\ud83c\udde7 Spring Bunny Crochet Pattern \u2014 PDF available in English, Spanish and Portuguese.\ud83c\uddea\ud83c\uddf8 Patr\u00f3n de conejito Spring Bunny \u2014 PDF disponible en ingl\u00e9s, espa\u00f1ol y portugu\u00e9s.\ud83c\udde7\ud83c\uddf7 Padr\u00e3o Spring Bunny de croch\u00ea \u2014 PDF dispon\u00edvel em ingl\u00eas, espanhol e portugu\u00eas. \u00a0A cozy and customizable crochet pattern by Dos Mar\u00edas y un Juan \u2014 now available in&hellip;","jetpack_sharing_enabled":true,"_links":{"self":[{"href":"https:\/\/dosmariasyunjuan.com\/es\/wp-json\/wp\/v2\/product\/609","targetHints":{"allow":["GET"]}}],"collection":[{"href":"https:\/\/dosmariasyunjuan.com\/es\/wp-json\/wp\/v2\/product"}],"about":[{"href":"https:\/\/dosmariasyunjuan.com\/es\/wp-json\/wp\/v2\/types\/product"}],"replies":[{"embeddable":true,"href":"https:\/\/dosmariasyunjuan.com\/es\/wp-json\/wp\/v2\/comments?post=609"}],"wp:featuredmedia":[{"embeddable":true,"href":"https:\/\/dosmariasyunjuan.com\/es\/wp-json\/wp\/v2\/media\/619"}],"wp:attachment":[{"href":"https:\/\/dosmariasyunjuan.com\/es\/wp-json\/wp\/v2\/media?parent=609"}],"wp:term":[{"taxonomy":"product_brand","embeddable":true,"href":"https:\/\/dosmariasyunjuan.com\/es\/wp-json\/wp\/v2\/product_brand?post=609"},{"taxonomy":"product_cat","embeddable":true,"href":"https:\/\/dosmariasyunjuan.com\/es\/wp-json\/wp\/v2\/product_cat?post=609"},{"taxonomy":"product_tag","embeddable":true,"href":"https:\/\/dosmariasyunjuan.com\/es\/wp-json\/wp\/v2\/product_tag?post=609"}],"curies":[{"name":"wp","href":"https:\/\/api.w.org\/{rel}","templated":true}]}}