{"id":517,"date":"2024-09-18T10:41:28","date_gmt":"2024-09-18T13:41:28","guid":{"rendered":"https:\/\/dosmariasyunjuan.com\/?post_type=product&#038;p=517"},"modified":"2026-03-09T16:51:08","modified_gmt":"2026-03-09T19:51:08","slug":"patron-crochet-bunny-mordillo","status":"publish","type":"product","link":"https:\/\/dosmariasyunjuan.com\/es\/producto\/patron-crochet-bunny-mordillo\/","title":{"rendered":"Patr\u00f3n Crochet Bunny Mordillo"},"content":{"rendered":"<p><a href=\"https:\/\/pay.hotmart.com\/U104580805Y\"> <a href='https:\/\/pay.hotmart.com\/U104580805Y' class='small-button smallblue'>Sin Paypal? Paga aqu\u00ed (ARS\/LATAM)<\/a><\/a><\/p>\n<p data-start=\"100\" data-end=\"309\"><strong><br \/>\nPatr\u00f3n Crochet Bunny Mordillo | Dise\u00f1ado por Dos Marias y un Juan.<\/strong><\/p>\n<p data-start=\"100\" data-end=\"309\">Si sos tejedora hace poco y buscas practicar, ademas de hacer un regalo tierno para un baby shower, algo lindo para decorar la cuna o un detalle especial para ferias artesanales, o si estas esperando a tu beb\u00e9 y decidiste aprender el arte de tejer, este sonajero de conejito est\u00e1 pensado para ti. \ud83d\udc30\u2728<\/p>\n<p data-start=\"100\" data-end=\"309\">\ud83e\udea1 F\u00e1cil de tejer, incluso si est\u00e1s dando tus primeros pasos en el mundo amigurumi.\ud83e\uddf6 Suave, seguro y adorable \u2014 ideal para reci\u00e9n nacidos, primeros juguetes o decoraci\u00f3n de nursery.<br data-start=\"410\" data-end=\"413\" \/>\ud83c\udf81 Ideal para ventas r\u00e1pidas, regalos hechos a mano y ademas super adorable!<\/p>\n<p data-start=\"566\" data-end=\"661\">Incluye:<br \/>\n\u2022 Patr\u00f3n en PDF digital en Espa\u00f1ol con lista completa de materiales<\/p>\n<p data-start=\"566\" data-end=\"661\">\u2022 Instrucciones paso a paso con fotos explicativas de cada parte del proceso<\/p>\n<p data-start=\"663\" data-end=\"797\">Este proyecto es r\u00e1pido y amigable para quienes est\u00e1n aprendiendo, pero tambi\u00e9n funciona genial si hac\u00e9s muchos mu\u00f1ecos para la venta.<\/p>\n<p data-start=\"799\" data-end=\"867\">Dej\u00e1 que tus manos le den vida a este conejito \u2014 punto por punto. \ud83e\udde1<\/p>\n<p data-start=\"869\" data-end=\"998\" data-is-last-node=\"\" data-is-only-node=\"\">\u00bfQuer\u00e9s que le agregue un cierre tipo:<br data-start=\"907\" data-end=\"910\" \/><strong data-start=\"910\" data-end=\"997\">Sumalo al carrito y empez\u00e1 a tejer hoy \u2014 tus manitos (o las del beb\u00e9) lo van a amar<\/strong>?<\/p>\n<p>&nbsp;<\/p>","protected":false},"excerpt":{"rendered":"<p>Patr\u00f3n de Crochet. Este producto solo contiene un pdf digital. No es el mu\u00f1eco terminado.<\/p>\n<p>Producto Digital. Descargable.<\/p>\n<p>Version ESPA\u00d1OL.<\/p>","protected":false},"featured_media":515,"comment_status":"open","ping_status":"closed","template":"","meta":{"_et_pb_use_builder":"","_et_pb_old_content":"","_et_gb_content_width":""},"product_brand":[],"product_cat":[22],"product_tag":[30,27,28,29],"class_list":{"0":"post-517","1":"product","2":"type-product","3":"status-publish","4":"has-post-thumbnail","6":"product_cat-crochet-patterns","7":"product_tag-baby-bunny","8":"product_tag-patron-de-crochet","9":"product_tag-pdf","10":"product_tag-productos-digitales","12":"first","13":"instock","14":"downloadable","15":"virtual","16":"purchasable","17":"product-type-simple"},"yoast_head":"<!-- This site is optimized with the Yoast SEO Premium plugin v25.1 (Yoast SEO v27.2) - https:\/\/yoast.com\/product\/yoast-seo-premium-wordpress\/ -->\n<title>Patr\u00f3n Crochet Bunny Mordillo - Dos Marias y Un Juan<\/title>\n<meta name=\"description\" content=\"Patr\u00f3n crochet Bunny Mordillo en PDF. F\u00e1cil, tierno y seguro para beb\u00e9s. Ideal para decorar, regalar o vender. Perfecto para principiantes\" \/>\n<meta name=\"robots\" content=\"index, follow, max-snippet:-1, max-image-preview:large, max-video-preview:-1\" \/>\n<link rel=\"canonical\" href=\"https:\/\/dosmariasyunjuan.com\/es\/producto\/patron-crochet-bunny-mordillo\/\" \/>\n<meta property=\"og:locale\" content=\"es_ES\" \/>\n<meta property=\"og:type\" content=\"article\" \/>\n<meta property=\"og:title\" content=\"Patr\u00f3n Crochet Bunny Mordillo\" \/>\n<meta property=\"og:description\" content=\"Patr\u00f3n crochet Bunny Mordillo en PDF. F\u00e1cil, tierno y seguro para beb\u00e9s. Ideal para decorar, regalar o vender. Perfecto para principiantes\" \/>\n<meta property=\"og:url\" content=\"https:\/\/dosmariasyunjuan.com\/es\/producto\/patron-crochet-bunny-mordillo\/\" \/>\n<meta property=\"og:site_name\" content=\"Dos Marias y Un Juan\" \/>\n<meta property=\"article:modified_time\" content=\"2026-03-09T19:51:08+00:00\" \/>\n<meta property=\"og:image\" content=\"https:\/\/dosmariasyunjuan.com\/wp-content\/uploads\/2024\/07\/45393E24-5E51-49C7-BC76-0C3F821FCB32-2.jpg\" \/>\n\t<meta property=\"og:image:width\" content=\"1290\" \/>\n\t<meta property=\"og:image:height\" content=\"1722\" \/>\n\t<meta property=\"og:image:type\" content=\"image\/jpeg\" \/>\n<meta name=\"twitter:card\" content=\"summary_large_image\" \/>\n<meta name=\"twitter:label1\" content=\"Tiempo de lectura\" \/>\n\t<meta name=\"twitter:data1\" content=\"2 minutos\" \/>\n<script type=\"application\/ld+json\" class=\"yoast-schema-graph\">{\"@context\":\"https:\/\/schema.org\",\"@graph\":[{\"@type\":\"WebPage\",\"@id\":\"https:\/\/dosmariasyunjuan.com\/producto\/patron-crochet-bunny-mordillo\/\",\"url\":\"https:\/\/dosmariasyunjuan.com\/producto\/patron-crochet-bunny-mordillo\/\",\"name\":\"Patr\u00f3n Crochet Bunny Mordillo - Dos Marias y Un Juan\",\"isPartOf\":{\"@id\":\"https:\/\/dosmariasyunjuan.com\/#website\"},\"primaryImageOfPage\":{\"@id\":\"https:\/\/dosmariasyunjuan.com\/producto\/patron-crochet-bunny-mordillo\/#primaryimage\"},\"image\":{\"@id\":\"https:\/\/dosmariasyunjuan.com\/producto\/patron-crochet-bunny-mordillo\/#primaryimage\"},\"thumbnailUrl\":\"https:\/\/dosmariasyunjuan.com\/wp-content\/uploads\/2024\/07\/45393E24-5E51-49C7-BC76-0C3F821FCB32-2.jpg\",\"datePublished\":\"2024-09-18T13:41:28+00:00\",\"dateModified\":\"2026-03-09T19:51:08+00:00\",\"description\":\"Patr\u00f3n crochet Bunny Mordillo en PDF. F\u00e1cil, tierno y seguro para beb\u00e9s. Ideal para decorar, regalar o vender. Perfecto para principiantes\",\"breadcrumb\":{\"@id\":\"https:\/\/dosmariasyunjuan.com\/producto\/patron-crochet-bunny-mordillo\/#breadcrumb\"},\"inLanguage\":\"es\",\"potentialAction\":[{\"@type\":\"ReadAction\",\"target\":[\"https:\/\/dosmariasyunjuan.com\/producto\/patron-crochet-bunny-mordillo\/\"]}]},{\"@type\":\"ImageObject\",\"inLanguage\":\"es\",\"@id\":\"https:\/\/dosmariasyunjuan.com\/producto\/patron-crochet-bunny-mordillo\/#primaryimage\",\"url\":\"https:\/\/dosmariasyunjuan.com\/wp-content\/uploads\/2024\/07\/45393E24-5E51-49C7-BC76-0C3F821FCB32-2.jpg\",\"contentUrl\":\"https:\/\/dosmariasyunjuan.com\/wp-content\/uploads\/2024\/07\/45393E24-5E51-49C7-BC76-0C3F821FCB32-2.jpg\",\"width\":1290,\"height\":1722,\"caption\":\"Baby bunny crochet rattle with wooden ring \u2013 main product photo \u2013 soft beige and off-white \u2013 baby-friendly yarn \u2013 by Dos Mar\u00edas y un Juan\"},{\"@type\":\"BreadcrumbList\",\"@id\":\"https:\/\/dosmariasyunjuan.com\/producto\/patron-crochet-bunny-mordillo\/#breadcrumb\",\"itemListElement\":[{\"@type\":\"ListItem\",\"position\":1,\"name\":\"Home\",\"item\":\"https:\/\/dosmariasyunjuan.com\/\"},{\"@type\":\"ListItem\",\"position\":2,\"name\":\"Shop\",\"item\":\"https:\/\/dosmariasyunjuan.com\/amigurumi-crochet-patterns-shop\/\"},{\"@type\":\"ListItem\",\"position\":3,\"name\":\"Patr\u00f3n Crochet Bunny Mordillo\"}]},{\"@type\":\"WebSite\",\"@id\":\"https:\/\/dosmariasyunjuan.com\/#website\",\"url\":\"https:\/\/dosmariasyunjuan.com\/\",\"name\":\"Dos Marias y Un Juan\",\"description\":\"Crochet patterns\",\"publisher\":{\"@id\":\"https:\/\/dosmariasyunjuan.com\/#organization\"},\"potentialAction\":[{\"@type\":\"SearchAction\",\"target\":{\"@type\":\"EntryPoint\",\"urlTemplate\":\"https:\/\/dosmariasyunjuan.com\/?s={search_term_string}\"},\"query-input\":{\"@type\":\"PropertyValueSpecification\",\"valueRequired\":true,\"valueName\":\"search_term_string\"}}],\"inLanguage\":\"es\"},{\"@type\":\"Organization\",\"@id\":\"https:\/\/dosmariasyunjuan.com\/#organization\",\"name\":\"Dos Marias y Un Juan\",\"url\":\"https:\/\/dosmariasyunjuan.com\/\",\"logo\":{\"@type\":\"ImageObject\",\"inLanguage\":\"es\",\"@id\":\"https:\/\/dosmariasyunjuan.com\/#\/schema\/logo\/image\/\",\"url\":\"https:\/\/dosmariasyunjuan.com\/wp-content\/uploads\/2025\/05\/logo_round_beige_brown.png\",\"contentUrl\":\"https:\/\/dosmariasyunjuan.com\/wp-content\/uploads\/2025\/05\/logo_round_beige_brown.png\",\"width\":500,\"height\":500,\"caption\":\"Dos Marias y Un Juan\"},\"image\":{\"@id\":\"https:\/\/dosmariasyunjuan.com\/#\/schema\/logo\/image\/\"},\"sameAs\":[\"https:\/\/www.instagram.com\/dosmariasyunjuan\/\"]}]}<\/script>\n<!-- \/ Yoast SEO Premium plugin. -->","yoast_head_json":{"title":"Patr\u00f3n Crochet Bunny Mordillo - Dos Marias y Un Juan","description":"Patr\u00f3n crochet Bunny Mordillo en PDF. F\u00e1cil, tierno y seguro para beb\u00e9s. Ideal para decorar, regalar o vender. Perfecto para principiantes","robots":{"index":"index","follow":"follow","max-snippet":"max-snippet:-1","max-image-preview":"max-image-preview:large","max-video-preview":"max-video-preview:-1"},"canonical":"https:\/\/dosmariasyunjuan.com\/es\/producto\/patron-crochet-bunny-mordillo\/","og_locale":"es_ES","og_type":"article","og_title":"Patr\u00f3n Crochet Bunny Mordillo","og_description":"Patr\u00f3n crochet Bunny Mordillo en PDF. F\u00e1cil, tierno y seguro para beb\u00e9s. Ideal para decorar, regalar o vender. Perfecto para principiantes","og_url":"https:\/\/dosmariasyunjuan.com\/es\/producto\/patron-crochet-bunny-mordillo\/","og_site_name":"Dos Marias y Un Juan","article_modified_time":"2026-03-09T19:51:08+00:00","og_image":[{"width":1290,"height":1722,"url":"https:\/\/dosmariasyunjuan.com\/wp-content\/uploads\/2024\/07\/45393E24-5E51-49C7-BC76-0C3F821FCB32-2.jpg","type":"image\/jpeg"}],"twitter_card":"summary_large_image","twitter_misc":{"Tiempo de lectura":"2 minutos"},"schema":{"@context":"https:\/\/schema.org","@graph":[{"@type":"WebPage","@id":"https:\/\/dosmariasyunjuan.com\/producto\/patron-crochet-bunny-mordillo\/","url":"https:\/\/dosmariasyunjuan.com\/producto\/patron-crochet-bunny-mordillo\/","name":"Patr\u00f3n Crochet Bunny Mordillo - Dos Marias y Un Juan","isPartOf":{"@id":"https:\/\/dosmariasyunjuan.com\/#website"},"primaryImageOfPage":{"@id":"https:\/\/dosmariasyunjuan.com\/producto\/patron-crochet-bunny-mordillo\/#primaryimage"},"image":{"@id":"https:\/\/dosmariasyunjuan.com\/producto\/patron-crochet-bunny-mordillo\/#primaryimage"},"thumbnailUrl":"https:\/\/dosmariasyunjuan.com\/wp-content\/uploads\/2024\/07\/45393E24-5E51-49C7-BC76-0C3F821FCB32-2.jpg","datePublished":"2024-09-18T13:41:28+00:00","dateModified":"2026-03-09T19:51:08+00:00","description":"Patr\u00f3n crochet Bunny Mordillo en PDF. F\u00e1cil, tierno y seguro para beb\u00e9s. Ideal para decorar, regalar o vender. Perfecto para principiantes","breadcrumb":{"@id":"https:\/\/dosmariasyunjuan.com\/producto\/patron-crochet-bunny-mordillo\/#breadcrumb"},"inLanguage":"es","potentialAction":[{"@type":"ReadAction","target":["https:\/\/dosmariasyunjuan.com\/producto\/patron-crochet-bunny-mordillo\/"]}]},{"@type":"ImageObject","inLanguage":"es","@id":"https:\/\/dosmariasyunjuan.com\/producto\/patron-crochet-bunny-mordillo\/#primaryimage","url":"https:\/\/dosmariasyunjuan.com\/wp-content\/uploads\/2024\/07\/45393E24-5E51-49C7-BC76-0C3F821FCB32-2.jpg","contentUrl":"https:\/\/dosmariasyunjuan.com\/wp-content\/uploads\/2024\/07\/45393E24-5E51-49C7-BC76-0C3F821FCB32-2.jpg","width":1290,"height":1722,"caption":"Baby bunny crochet rattle with wooden ring \u2013 main product photo \u2013 soft beige and off-white \u2013 baby-friendly yarn \u2013 by Dos Mar\u00edas y un Juan"},{"@type":"BreadcrumbList","@id":"https:\/\/dosmariasyunjuan.com\/producto\/patron-crochet-bunny-mordillo\/#breadcrumb","itemListElement":[{"@type":"ListItem","position":1,"name":"Home","item":"https:\/\/dosmariasyunjuan.com\/"},{"@type":"ListItem","position":2,"name":"Shop","item":"https:\/\/dosmariasyunjuan.com\/amigurumi-crochet-patterns-shop\/"},{"@type":"ListItem","position":3,"name":"Patr\u00f3n Crochet Bunny Mordillo"}]},{"@type":"WebSite","@id":"https:\/\/dosmariasyunjuan.com\/#website","url":"https:\/\/dosmariasyunjuan.com\/","name":"Dos Marias y Un Juan","description":"Patrones de amigurumi","publisher":{"@id":"https:\/\/dosmariasyunjuan.com\/#organization"},"potentialAction":[{"@type":"SearchAction","target":{"@type":"EntryPoint","urlTemplate":"https:\/\/dosmariasyunjuan.com\/?s={search_term_string}"},"query-input":{"@type":"PropertyValueSpecification","valueRequired":true,"valueName":"search_term_string"}}],"inLanguage":"es"},{"@type":"Organization","@id":"https:\/\/dosmariasyunjuan.com\/#organization","name":"Dos Marias y Un Juan","url":"https:\/\/dosmariasyunjuan.com\/","logo":{"@type":"ImageObject","inLanguage":"es","@id":"https:\/\/dosmariasyunjuan.com\/#\/schema\/logo\/image\/","url":"https:\/\/dosmariasyunjuan.com\/wp-content\/uploads\/2025\/05\/logo_round_beige_brown.png","contentUrl":"https:\/\/dosmariasyunjuan.com\/wp-content\/uploads\/2025\/05\/logo_round_beige_brown.png","width":500,"height":500,"caption":"Dos Marias y Un Juan"},"image":{"@id":"https:\/\/dosmariasyunjuan.com\/#\/schema\/logo\/image\/"},"sameAs":["https:\/\/www.instagram.com\/dosmariasyunjuan\/"]}]}},"pbg_featured_image_src":{"full":["https:\/\/dosmariasyunjuan.com\/wp-content\/uploads\/2024\/07\/45393E24-5E51-49C7-BC76-0C3F821FCB32-2.jpg",1290,1722,false],"thumbnail":["https:\/\/dosmariasyunjuan.com\/wp-content\/uploads\/2024\/07\/45393E24-5E51-49C7-BC76-0C3F821FCB32-2-150x150.jpg",150,150,true],"medium":["https:\/\/dosmariasyunjuan.com\/wp-content\/uploads\/2024\/07\/45393E24-5E51-49C7-BC76-0C3F821FCB32-2-225x300.jpg",225,300,true],"medium_large":["https:\/\/dosmariasyunjuan.com\/wp-content\/uploads\/2024\/07\/45393E24-5E51-49C7-BC76-0C3F821FCB32-2-768x1025.jpg",768,1025,true],"large":["https:\/\/dosmariasyunjuan.com\/wp-content\/uploads\/2024\/07\/45393E24-5E51-49C7-BC76-0C3F821FCB32-2-767x1024.jpg",767,1024,true],"1536x1536":["https:\/\/dosmariasyunjuan.com\/wp-content\/uploads\/2024\/07\/45393E24-5E51-49C7-BC76-0C3F821FCB32-2-1151x1536.jpg",1151,1536,true],"2048x2048":["https:\/\/dosmariasyunjuan.com\/wp-content\/uploads\/2024\/07\/45393E24-5E51-49C7-BC76-0C3F821FCB32-2.jpg",1290,1722,false],"trp-custom-language-flag":["https:\/\/dosmariasyunjuan.com\/wp-content\/uploads\/2024\/07\/45393E24-5E51-49C7-BC76-0C3F821FCB32-2.jpg",9,12,false],"et-pb-post-main-image":["https:\/\/dosmariasyunjuan.com\/wp-content\/uploads\/2024\/07\/45393E24-5E51-49C7-BC76-0C3F821FCB32-2-400x250.jpg",400,250,true],"et-pb-post-main-image-fullwidth":["https:\/\/dosmariasyunjuan.com\/wp-content\/uploads\/2024\/07\/45393E24-5E51-49C7-BC76-0C3F821FCB32-2-1080x675.jpg",1080,675,true],"et-pb-portfolio-image":["https:\/\/dosmariasyunjuan.com\/wp-content\/uploads\/2024\/07\/45393E24-5E51-49C7-BC76-0C3F821FCB32-2-400x284.jpg",400,284,true],"et-pb-portfolio-module-image":["https:\/\/dosmariasyunjuan.com\/wp-content\/uploads\/2024\/07\/45393E24-5E51-49C7-BC76-0C3F821FCB32-2-510x382.jpg",510,382,true],"et-pb-portfolio-image-single":["https:\/\/dosmariasyunjuan.com\/wp-content\/uploads\/2024\/07\/45393E24-5E51-49C7-BC76-0C3F821FCB32-2-1080x1442.jpg",1080,1442,true],"et-pb-gallery-module-image-portrait":["https:\/\/dosmariasyunjuan.com\/wp-content\/uploads\/2024\/07\/45393E24-5E51-49C7-BC76-0C3F821FCB32-2-400x516.jpg",400,516,true],"et-pb-post-main-image-fullwidth-large":["https:\/\/dosmariasyunjuan.com\/wp-content\/uploads\/2024\/07\/45393E24-5E51-49C7-BC76-0C3F821FCB32-2.jpg",1290,1722,false],"et-pb-image--responsive--desktop":["https:\/\/dosmariasyunjuan.com\/wp-content\/uploads\/2024\/07\/45393E24-5E51-49C7-BC76-0C3F821FCB32-2-1280x1709.jpg",539,720,true],"et-pb-image--responsive--tablet":["https:\/\/dosmariasyunjuan.com\/wp-content\/uploads\/2024\/07\/45393E24-5E51-49C7-BC76-0C3F821FCB32-2-980x1308.jpg",413,551,true],"et-pb-image--responsive--phone":["https:\/\/dosmariasyunjuan.com\/wp-content\/uploads\/2024\/07\/45393E24-5E51-49C7-BC76-0C3F821FCB32-2-480x641.jpg",202,270,true],"woocommerce_thumbnail":["https:\/\/dosmariasyunjuan.com\/wp-content\/uploads\/2024\/07\/45393E24-5E51-49C7-BC76-0C3F821FCB32-2-600x600.jpg",600,600,true],"woocommerce_single":["https:\/\/dosmariasyunjuan.com\/wp-content\/uploads\/2024\/07\/45393E24-5E51-49C7-BC76-0C3F821FCB32-2-800x1068.jpg",800,1068,true],"woocommerce_gallery_thumbnail":["https:\/\/dosmariasyunjuan.com\/wp-content\/uploads\/2024\/07\/45393E24-5E51-49C7-BC76-0C3F821FCB32-2-100x100.jpg",100,100,true]},"pbg_author_info":{"display_name":"DosMariasyUnJuan","author_link":"https:\/\/dosmariasyunjuan.com\/es\/author\/","author_img":"<img alt='DosMariasyUnJuan' src='https:\/\/secure.gravatar.com\/avatar\/4d1b1b79e326eb16a9585dc410165b35e86f4b41679da6caf932b0a5c25787fa?s=128&#038;d=mm&#038;r=g' srcset='https:\/\/secure.gravatar.com\/avatar\/4d1b1b79e326eb16a9585dc410165b35e86f4b41679da6caf932b0a5c25787fa?s=256&#038;d=mm&#038;r=g 2x' class='avatar avatar-128 photo' height='128' width='128' loading='lazy' decoding='async'\/>"},"pbg_comment_info":" No Comments","pbg_excerpt":"Patr\u00f3n de Crochet. Este producto solo contiene un pdf digital. No es el mu\u00f1eco terminado. Producto Digital. Descargable. Version ESPA\u00d1OL.","jetpack_sharing_enabled":true,"_links":{"self":[{"href":"https:\/\/dosmariasyunjuan.com\/es\/wp-json\/wp\/v2\/product\/517","targetHints":{"allow":["GET"]}}],"collection":[{"href":"https:\/\/dosmariasyunjuan.com\/es\/wp-json\/wp\/v2\/product"}],"about":[{"href":"https:\/\/dosmariasyunjuan.com\/es\/wp-json\/wp\/v2\/types\/product"}],"replies":[{"embeddable":true,"href":"https:\/\/dosmariasyunjuan.com\/es\/wp-json\/wp\/v2\/comments?post=517"}],"wp:featuredmedia":[{"embeddable":true,"href":"https:\/\/dosmariasyunjuan.com\/es\/wp-json\/wp\/v2\/media\/515"}],"wp:attachment":[{"href":"https:\/\/dosmariasyunjuan.com\/es\/wp-json\/wp\/v2\/media?parent=517"}],"wp:term":[{"taxonomy":"product_brand","embeddable":true,"href":"https:\/\/dosmariasyunjuan.com\/es\/wp-json\/wp\/v2\/product_brand?post=517"},{"taxonomy":"product_cat","embeddable":true,"href":"https:\/\/dosmariasyunjuan.com\/es\/wp-json\/wp\/v2\/product_cat?post=517"},{"taxonomy":"product_tag","embeddable":true,"href":"https:\/\/dosmariasyunjuan.com\/es\/wp-json\/wp\/v2\/product_tag?post=517"}],"curies":[{"name":"wp","href":"https:\/\/api.w.org\/{rel}","templated":true}]}}