{"id":1181,"date":"2025-09-12T11:48:33","date_gmt":"2025-09-12T14:48:33","guid":{"rendered":"https:\/\/dosmariasyunjuan.com\/?post_type=product&#038;p=1181"},"modified":"2026-04-05T19:58:47","modified_gmt":"2026-04-05T22:58:47","slug":"miss-flopps-crochet-pattern","status":"publish","type":"product","link":"https:\/\/dosmariasyunjuan.com\/es\/producto\/miss-flopps-crochet-pattern\/","title":{"rendered":"Miss Flopps bun &#038; Chatty Daisy Crochet Pattern | Trilingual PDF (ENG + ESP + PT)"},"content":{"rendered":"<p data-start=\"130\" data-end=\"143\"><a href=\"https:\/\/pay.hotmart.com\/C103777671M\"><a href='https:\/\/pay.hotmart.com\/C103777671M?utm_source=instagram&#038;utm_medium=paid_social&#038;utm_campaign=flopps_ad&#038;utm_content=flopps_product' class='small-button smallblue'>Sin Paypal? Paga aqu\u00ed (ARS\/LATAM)<\/a><\/a><\/p>\n<p>English<\/p>\n<p data-start=\"144\" data-end=\"314\">\ud83c\udf38 <strong data-start=\"147\" data-end=\"205\">Miss Flopps &amp; her Chatty Daisy \u2013 Amigurumi Pattern PDF<\/strong><br data-start=\"205\" data-end=\"208\" \/>Once upon a romper\u2026<br data-start=\"227\" data-end=\"230\" \/>there lived a little bun in ruffles, and a flower that looked lazy but wasn\u2019t. \ud83c\udf3c\u2728<\/p>\n<p data-start=\"316\" data-end=\"502\">Whether you\u2019re a slow stitcher or a lightning-fast hooker,<br data-start=\"374\" data-end=\"377\" \/>this pattern was made to hug your heart.<br data-start=\"417\" data-end=\"420\" \/>And it comes with ruffles. Lots of them. <strong data-start=\"461\" data-end=\"467\">So<\/strong> why not? They are cozy and cute\u2026<\/p>\n<p data-start=\"504\" data-end=\"619\">\ud83c\udf31 Pattern available in English, Espa\u00f1ol &amp; Portugu\u00eas<br data-start=\"556\" data-end=\"559\" \/>\ud83d\udce5 As a downloadable PDF (no flower seeds included, sorry)<\/p>\n<p data-start=\"621\" data-end=\"769\"><strong data-start=\"621\" data-end=\"656\">Here\u2019s what you\u2019ll find inside:<\/strong> detailed written instructions with LOTS of photos. <strong data-start=\"708\" data-end=\"716\">Plus<\/strong>, a tiny story written while designing Miss Flopps.<\/p>\n<p data-start=\"771\" data-end=\"829\"><strong data-start=\"771\" data-end=\"829\">This is a digital pattern (PDF) \u2013 not a finished item.<\/strong><\/p>\n<hr data-start=\"831\" data-end=\"834\" \/>\n<h3 data-start=\"836\" data-end=\"849\">Espa\u00f1ol<\/h3>\n<p data-start=\"850\" data-end=\"1037\">\ud83c\udf38 <strong data-start=\"853\" data-end=\"919\">Miss Flopps &amp; su Flor Parlanchina \u2013 Patr\u00f3n de Amigurumi en PDF<\/strong><br data-start=\"919\" data-end=\"922\" \/>\u00c9rase una vez un enterito\u2026<br data-start=\"948\" data-end=\"951\" \/>viv\u00eda una conejita con voladitos y una flor que parec\u00eda perezosa pero no lo era. \ud83c\udf3c\u2728<\/p>\n<p data-start=\"1039\" data-end=\"1222\">Ya seas tejedora lenta o velocista del crochet,<br data-start=\"1086\" data-end=\"1089\" \/>este patr\u00f3n fue hecho para abrazar tu coraz\u00f3n.<br data-start=\"1135\" data-end=\"1138\" \/>Y viene con voladitos. Muchos. <strong data-start=\"1169\" data-end=\"1180\">As\u00ed que<\/strong> por qu\u00e9 no: son acogedores y adorables\u2026<\/p>\n<p data-start=\"1224\" data-end=\"1357\">\ud83c\udf31 Patr\u00f3n disponible en Ingl\u00e9s, Espa\u00f1ol y Portugu\u00e9s<br data-start=\"1275\" data-end=\"1278\" \/>\ud83d\udce5 En formato PDF descargable (sin semillas de flores incluidas, lo sentimos)<\/p>\n<p data-start=\"1359\" data-end=\"1526\"><strong data-start=\"1359\" data-end=\"1397\">Esto es lo que encontrar\u00e1s dentro:<\/strong> instrucciones detalladas paso a paso con MUCHAS fotos. <strong data-start=\"1453\" data-end=\"1463\">Adem\u00e1s<\/strong>, una mini historia escrita durante el dise\u00f1o de Miss Flopps.<\/p>\n<p data-start=\"1528\" data-end=\"1591\"><strong data-start=\"1528\" data-end=\"1591\">Este es un patr\u00f3n digital (PDF) \u2013 no un producto terminado.<\/strong><\/p>\n<hr data-start=\"1593\" data-end=\"1596\" \/>\n<h3 data-start=\"1598\" data-end=\"1613\">Portugu\u00eas<\/h3>\n<p data-start=\"1614\" data-end=\"1800\">\ud83c\udf38 <strong data-start=\"1617\" data-end=\"1681\">Miss Flopps &amp; sua Flor Tagarela \u2013 Padr\u00e3o de Amigurumi em PDF<\/strong><br data-start=\"1681\" data-end=\"1684\" \/>Era uma vez um macaquinho\u2026<br data-start=\"1710\" data-end=\"1713\" \/>vivia uma coelhinha de babadinhos e uma flor que parecia pregui\u00e7osa, mas n\u00e3o era. \ud83c\udf3c\u2728<\/p>\n<p data-start=\"1802\" data-end=\"1979\">Seja voc\u00ea uma crocheteira calma ou veloz,<br data-start=\"1843\" data-end=\"1846\" \/>este padr\u00e3o foi feito para abra\u00e7ar o seu cora\u00e7\u00e3o.<br data-start=\"1895\" data-end=\"1898\" \/>E vem com babadinhos. Muitos. <strong data-start=\"1928\" data-end=\"1937\">Ent\u00e3o<\/strong> por que n\u00e3o? S\u00e3o aconchegantes e fofos\u2026<\/p>\n<p data-start=\"1981\" data-end=\"2114\">\ud83c\udf31 Padr\u00e3o dispon\u00edvel em Ingl\u00eas, Espanhol e Portugu\u00eas<br data-start=\"2033\" data-end=\"2036\" \/>\ud83d\udce5 Em formato PDF para download (sem sementes de flores inclu\u00eddas, desculpe)<\/p>\n<p data-start=\"2116\" data-end=\"2287\"><strong data-start=\"2116\" data-end=\"2155\">Aqui est\u00e1 o que voc\u00ea vai encontrar:<\/strong> instru\u00e7\u00f5es detalhadas passo a passo com MUITAS fotos. <strong data-start=\"2210\" data-end=\"2224\">Al\u00e9m disso<\/strong>, uma mini hist\u00f3ria escrita durante a cria\u00e7\u00e3o da Miss Flopps.<\/p>\n<p data-start=\"2289\" data-end=\"2347\"><strong data-start=\"2289\" data-end=\"2347\">Este \u00e9 um padr\u00e3o digital (PDF) \u2013 n\u00e3o \u00e9 um item f\u00edsico.<\/strong><\/p>\n<p>&nbsp;<\/p>\n<p>\ud83c\udfa5<i><span class=\"Apple-converted-space\">\u00a0 <\/span>Watch Miss Flopps come to life in our YouTube short!<\/i><\/p>\n<p><iframe loading=\"lazy\" title=\"Once Upon a Romper Flopps Bun Crochet Pattern Launch #amigurumi  #crochetpattern  #pdfpattern\" width=\"563\" height=\"1000\" src=\"https:\/\/www.youtube.com\/embed\/xq9aqgkjF3c?feature=oembed\"  allow=\"accelerometer; autoplay; clipboard-write; encrypted-media; gyroscope; picture-in-picture; web-share\" referrerpolicy=\"strict-origin-when-cross-origin\" allowfullscreen><\/iframe><\/p>\n<p>Every view helps our little bun grow! \ud83d\udc30\ud83c\udf31<\/p>\n<p><strong data-start=\"423\" data-end=\"447\">Meet our other Favs you may also like:<\/strong><br data-start=\"447\" data-end=\"450\" \/>\u2192 <a class=\"decorated-link cursor-pointer\" href=\"https:\/\/dosmariasyunjuan.com\/producto\/benny-benna-backpackie-koala-crochet-pattern-dos-marias-y-un-juan\/\" target=\"_new\" rel=\"noopener\" data-start=\"452\" data-end=\"563\">Benny &amp; Benna backpackie koala crochet pattern | Trilingual PDF<\/a><\/p>\n<p>&nbsp;<\/p>","protected":false},"excerpt":{"rendered":"<p class=\"font-claude-response-body break-words whitespace-pre-wrap leading-[1.7]\">ENG: \u00a0Miss Flopps &amp; her Chatty Daisy Designed by Dos Marias y un Juan\u2013 Original Amigurumi Trilingual Pattern PDF Once upon a romper\u2026 \ud83c\udf31 Pattern available in English, Espa\u00f1ol &amp; Portugu\u00eas. As a downloadable PDF Here&#8217;s what you&#8217;ll find inside: detailed written instructions with LOTS of photos. Plus, a tiny story written while designing Miss Flopps. This is a digital pattern (PDF) \u2013 not a finished item.<\/p>\n<p class=\"font-claude-response-body break-words whitespace-pre-wrap leading-[1.7]\">ESP: \u00a0Miss Flopps &amp; su Margarita Parlanchina \u00a0Dise\u00f1ado por Dos Marias y un Juan\u2013 Patr\u00f3n PDF Original de Amigurumi Triling\u00fce \u00c9rase una vez un Jardinero\u2026 \ud83c\udf31 Patr\u00f3n disponible en English, Espa\u00f1ol &amp; Portugu\u00eas. En formato PDF descargable Esto es lo que encontrar\u00e1s adentro: instrucciones escritas detalladas con MUCHAS fotos. Adem\u00e1s, una peque\u00f1a historia escrita mientras dise\u00f1aba a Miss Flopps. Este es un patr\u00f3n digital (PDF) \u2013 no es el producto terminado.<\/p>\n<p class=\"font-claude-response-body break-words whitespace-pre-wrap leading-[1.7]\">PT: Miss Flopps &amp; sua Margarida Tagarela Desenho Dos Marias y un Juan \u2013 Padr\u00e3o PDF Original de Amigurumi Tril\u00edngue Era uma vez um macac\u00e3o\u2026 \ud83c\udf31 Padr\u00e3o dispon\u00edvel em English, Espa\u00f1ol &amp; Portugu\u00eas. Como PDF para download Veja o que voc\u00ea encontrar\u00e1 dentro: instru\u00e7\u00f5es escritas detalhadas com MUITAS fotos. Al\u00e9m disso, uma pequena hist\u00f3ria escrita durante o design da Miss Flopps. Este \u00e9 um padr\u00e3o digital (PDF) \u2013 n\u00e3o \u00e9 o item finalizado.<\/p>\n","protected":false},"featured_media":1187,"comment_status":"open","ping_status":"closed","template":"","meta":{"_et_pb_use_builder":"","_et_pb_old_content":"","_et_gb_content_width":""},"product_brand":[105],"product_cat":[22],"product_tag":[40,54,57,53,92,102,26,39,104,25,103,67],"class_list":{"0":"post-1181","1":"product","2":"type-product","3":"status-publish","4":"has-post-thumbnail","6":"product_brand-dos-marias-y-un-juan-pdf","7":"product_cat-crochet-patterns","8":"product_tag-amigurumi","9":"product_tag-amigurumi-bunny","10":"product_tag-beginner-amigurumi","11":"product_tag-bunny-crochet-pattern","12":"product_tag-crochet-pattern","13":"product_tag-daisy-flower","14":"product_tag-digital-download","15":"product_tag-dos-marias-y-un-juan","16":"product_tag-miss-flopps-bun","17":"product_tag-pdf-crochet-pattern","18":"product_tag-ruffled-romper","19":"product_tag-trilingual-crochet-pattern","21":"first","22":"instock","23":"downloadable","24":"virtual","25":"purchasable","26":"product-type-simple"},"yoast_head":"<!-- This site is optimized with the Yoast SEO Premium plugin v25.1 (Yoast SEO v27.2) - https:\/\/yoast.com\/product\/yoast-seo-premium-wordpress\/ -->\n<title>Miss Flopps Crochet Pattern<\/title>\n<meta name=\"description\" content=\"Meet Miss Flopps &amp; her Chatty Daisy! Crochet pattern PDF with lots of photos + story. Available in EN, ES &amp; PT. Download and start today!\" \/>\n<meta name=\"robots\" content=\"index, follow, max-snippet:-1, max-image-preview:large, max-video-preview:-1\" \/>\n<link rel=\"canonical\" href=\"https:\/\/dosmariasyunjuan.com\/es\/producto\/miss-flopps-crochet-pattern\/\" \/>\n<meta property=\"og:locale\" content=\"es_ES\" \/>\n<meta property=\"og:type\" content=\"article\" \/>\n<meta property=\"og:title\" content=\"Once Upon a Romper Miss Flopps Crochet Pattern\" \/>\n<meta property=\"og:description\" content=\"Meet Miss Flopps &amp; her Chatty Daisy! Crochet pattern PDF with lots of photos + story. Available in EN, ES &amp; PT. Download and start today!\" \/>\n<meta property=\"og:url\" content=\"https:\/\/dosmariasyunjuan.com\/es\/producto\/miss-flopps-crochet-pattern\/\" \/>\n<meta property=\"og:site_name\" content=\"Dos Marias y Un Juan\" \/>\n<meta property=\"article:modified_time\" content=\"2026-04-05T22:58:47+00:00\" \/>\n<meta property=\"og:image\" content=\"https:\/\/dosmariasyunjuan.com\/wp-content\/uploads\/2025\/09\/Front-view-Miss-Flopps-Bun-819x1024.png\" \/>\n\t<meta property=\"og:image:width\" content=\"819\" \/>\n\t<meta property=\"og:image:height\" content=\"1024\" \/>\n\t<meta property=\"og:image:type\" content=\"image\/png\" \/>\n<meta name=\"twitter:card\" content=\"summary_large_image\" \/>\n<meta name=\"twitter:title\" content=\"Miss Flopps bun &amp; Chatty Daisy Crochet Pattern | Trilingual PDF (ENG + ESP + PT)\" \/>\n<meta name=\"twitter:label1\" content=\"Tiempo de lectura\" \/>\n\t<meta name=\"twitter:data1\" content=\"2 minutos\" \/>\n<script type=\"application\/ld+json\" class=\"yoast-schema-graph\">{\"@context\":\"https:\/\/schema.org\",\"@graph\":[{\"@type\":\"WebPage\",\"@id\":\"https:\/\/dosmariasyunjuan.com\/producto\/miss-flopps-crochet-pattern\/\",\"url\":\"https:\/\/dosmariasyunjuan.com\/producto\/miss-flopps-crochet-pattern\/\",\"name\":\"Miss Flopps Crochet Pattern\",\"isPartOf\":{\"@id\":\"https:\/\/dosmariasyunjuan.com\/#website\"},\"primaryImageOfPage\":{\"@id\":\"https:\/\/dosmariasyunjuan.com\/producto\/miss-flopps-crochet-pattern\/#primaryimage\"},\"image\":{\"@id\":\"https:\/\/dosmariasyunjuan.com\/producto\/miss-flopps-crochet-pattern\/#primaryimage\"},\"thumbnailUrl\":\"https:\/\/dosmariasyunjuan.com\/wp-content\/uploads\/2025\/09\/Front-view-Miss-Flopps-Bun.png\",\"datePublished\":\"2025-09-12T14:48:33+00:00\",\"dateModified\":\"2026-04-05T22:58:47+00:00\",\"description\":\"Meet Miss Flopps & her Chatty Daisy! Crochet pattern PDF with lots of photos + story. Available in EN, ES & PT. Download and start today!\",\"breadcrumb\":{\"@id\":\"https:\/\/dosmariasyunjuan.com\/producto\/miss-flopps-crochet-pattern\/#breadcrumb\"},\"inLanguage\":\"es\",\"potentialAction\":[{\"@type\":\"ReadAction\",\"target\":[\"https:\/\/dosmariasyunjuan.com\/producto\/miss-flopps-crochet-pattern\/\"]}]},{\"@type\":\"ImageObject\",\"inLanguage\":\"es\",\"@id\":\"https:\/\/dosmariasyunjuan.com\/producto\/miss-flopps-crochet-pattern\/#primaryimage\",\"url\":\"https:\/\/dosmariasyunjuan.com\/wp-content\/uploads\/2025\/09\/Front-view-Miss-Flopps-Bun.png\",\"contentUrl\":\"https:\/\/dosmariasyunjuan.com\/wp-content\/uploads\/2025\/09\/Front-view-Miss-Flopps-Bun.png\",\"width\":1080,\"height\":1350,\"caption\":\"Miss Flopps Bun \u2013 the cutest bunny with a daisy on her romper. Crochet pattern by Dos Mar\u00edas y un Juan.\"},{\"@type\":\"BreadcrumbList\",\"@id\":\"https:\/\/dosmariasyunjuan.com\/producto\/miss-flopps-crochet-pattern\/#breadcrumb\",\"itemListElement\":[{\"@type\":\"ListItem\",\"position\":1,\"name\":\"Home\",\"item\":\"https:\/\/dosmariasyunjuan.com\/\"},{\"@type\":\"ListItem\",\"position\":2,\"name\":\"Shop\",\"item\":\"https:\/\/dosmariasyunjuan.com\/amigurumi-crochet-patterns-shop\/\"},{\"@type\":\"ListItem\",\"position\":3,\"name\":\"Miss Flopps bun &#038; Chatty Daisy Crochet Pattern | Trilingual PDF (ENG + ESP + PT)\"}]},{\"@type\":\"WebSite\",\"@id\":\"https:\/\/dosmariasyunjuan.com\/#website\",\"url\":\"https:\/\/dosmariasyunjuan.com\/\",\"name\":\"Dos Marias y Un Juan\",\"description\":\"Crochet patterns\",\"publisher\":{\"@id\":\"https:\/\/dosmariasyunjuan.com\/#organization\"},\"potentialAction\":[{\"@type\":\"SearchAction\",\"target\":{\"@type\":\"EntryPoint\",\"urlTemplate\":\"https:\/\/dosmariasyunjuan.com\/?s={search_term_string}\"},\"query-input\":{\"@type\":\"PropertyValueSpecification\",\"valueRequired\":true,\"valueName\":\"search_term_string\"}}],\"inLanguage\":\"es\"},{\"@type\":\"Organization\",\"@id\":\"https:\/\/dosmariasyunjuan.com\/#organization\",\"name\":\"Dos Marias y Un Juan\",\"url\":\"https:\/\/dosmariasyunjuan.com\/\",\"logo\":{\"@type\":\"ImageObject\",\"inLanguage\":\"es\",\"@id\":\"https:\/\/dosmariasyunjuan.com\/#\/schema\/logo\/image\/\",\"url\":\"https:\/\/dosmariasyunjuan.com\/wp-content\/uploads\/2025\/05\/logo_round_beige_brown.png\",\"contentUrl\":\"https:\/\/dosmariasyunjuan.com\/wp-content\/uploads\/2025\/05\/logo_round_beige_brown.png\",\"width\":500,\"height\":500,\"caption\":\"Dos Marias y Un Juan\"},\"image\":{\"@id\":\"https:\/\/dosmariasyunjuan.com\/#\/schema\/logo\/image\/\"},\"sameAs\":[\"https:\/\/www.instagram.com\/dosmariasyunjuan\/\"]}]}<\/script>\n<!-- \/ Yoast SEO Premium plugin. -->","yoast_head_json":{"title":"Miss Flopps Crochet Pattern","description":"Meet Miss Flopps & her Chatty Daisy! Crochet pattern PDF with lots of photos + story. Available in EN, ES & PT. Download and start today!","robots":{"index":"index","follow":"follow","max-snippet":"max-snippet:-1","max-image-preview":"max-image-preview:large","max-video-preview":"max-video-preview:-1"},"canonical":"https:\/\/dosmariasyunjuan.com\/es\/producto\/miss-flopps-crochet-pattern\/","og_locale":"es_ES","og_type":"article","og_title":"Once Upon a Romper Miss Flopps Crochet Pattern","og_description":"Meet Miss Flopps & her Chatty Daisy! Crochet pattern PDF with lots of photos + story. Available in EN, ES & PT. Download and start today!","og_url":"https:\/\/dosmariasyunjuan.com\/es\/producto\/miss-flopps-crochet-pattern\/","og_site_name":"Dos Marias y Un Juan","article_modified_time":"2026-04-05T22:58:47+00:00","og_image":[{"width":819,"height":1024,"url":"https:\/\/dosmariasyunjuan.com\/wp-content\/uploads\/2025\/09\/Front-view-Miss-Flopps-Bun-819x1024.png","type":"image\/png"}],"twitter_card":"summary_large_image","twitter_title":"Miss Flopps bun & Chatty Daisy Crochet Pattern | Trilingual PDF (ENG + ESP + PT)","twitter_misc":{"Tiempo de lectura":"2 minutos"},"schema":{"@context":"https:\/\/schema.org","@graph":[{"@type":"WebPage","@id":"https:\/\/dosmariasyunjuan.com\/producto\/miss-flopps-crochet-pattern\/","url":"https:\/\/dosmariasyunjuan.com\/producto\/miss-flopps-crochet-pattern\/","name":"Miss Flopps Crochet Pattern","isPartOf":{"@id":"https:\/\/dosmariasyunjuan.com\/#website"},"primaryImageOfPage":{"@id":"https:\/\/dosmariasyunjuan.com\/producto\/miss-flopps-crochet-pattern\/#primaryimage"},"image":{"@id":"https:\/\/dosmariasyunjuan.com\/producto\/miss-flopps-crochet-pattern\/#primaryimage"},"thumbnailUrl":"https:\/\/dosmariasyunjuan.com\/wp-content\/uploads\/2025\/09\/Front-view-Miss-Flopps-Bun.png","datePublished":"2025-09-12T14:48:33+00:00","dateModified":"2026-04-05T22:58:47+00:00","description":"Meet Miss Flopps & her Chatty Daisy! Crochet pattern PDF with lots of photos + story. Available in EN, ES & PT. Download and start today!","breadcrumb":{"@id":"https:\/\/dosmariasyunjuan.com\/producto\/miss-flopps-crochet-pattern\/#breadcrumb"},"inLanguage":"es","potentialAction":[{"@type":"ReadAction","target":["https:\/\/dosmariasyunjuan.com\/producto\/miss-flopps-crochet-pattern\/"]}]},{"@type":"ImageObject","inLanguage":"es","@id":"https:\/\/dosmariasyunjuan.com\/producto\/miss-flopps-crochet-pattern\/#primaryimage","url":"https:\/\/dosmariasyunjuan.com\/wp-content\/uploads\/2025\/09\/Front-view-Miss-Flopps-Bun.png","contentUrl":"https:\/\/dosmariasyunjuan.com\/wp-content\/uploads\/2025\/09\/Front-view-Miss-Flopps-Bun.png","width":1080,"height":1350,"caption":"Miss Flopps Bun \u2013 the cutest bunny with a daisy on her romper. Crochet pattern by Dos Mar\u00edas y un Juan."},{"@type":"BreadcrumbList","@id":"https:\/\/dosmariasyunjuan.com\/producto\/miss-flopps-crochet-pattern\/#breadcrumb","itemListElement":[{"@type":"ListItem","position":1,"name":"Home","item":"https:\/\/dosmariasyunjuan.com\/"},{"@type":"ListItem","position":2,"name":"Shop","item":"https:\/\/dosmariasyunjuan.com\/amigurumi-crochet-patterns-shop\/"},{"@type":"ListItem","position":3,"name":"Miss Flopps bun &#038; Chatty Daisy Crochet Pattern | Trilingual PDF (ENG + ESP + PT)"}]},{"@type":"WebSite","@id":"https:\/\/dosmariasyunjuan.com\/#website","url":"https:\/\/dosmariasyunjuan.com\/","name":"Dos Marias y Un Juan","description":"Patrones de amigurumi","publisher":{"@id":"https:\/\/dosmariasyunjuan.com\/#organization"},"potentialAction":[{"@type":"SearchAction","target":{"@type":"EntryPoint","urlTemplate":"https:\/\/dosmariasyunjuan.com\/?s={search_term_string}"},"query-input":{"@type":"PropertyValueSpecification","valueRequired":true,"valueName":"search_term_string"}}],"inLanguage":"es"},{"@type":"Organization","@id":"https:\/\/dosmariasyunjuan.com\/#organization","name":"Dos Marias y Un Juan","url":"https:\/\/dosmariasyunjuan.com\/","logo":{"@type":"ImageObject","inLanguage":"es","@id":"https:\/\/dosmariasyunjuan.com\/#\/schema\/logo\/image\/","url":"https:\/\/dosmariasyunjuan.com\/wp-content\/uploads\/2025\/05\/logo_round_beige_brown.png","contentUrl":"https:\/\/dosmariasyunjuan.com\/wp-content\/uploads\/2025\/05\/logo_round_beige_brown.png","width":500,"height":500,"caption":"Dos Marias y Un Juan"},"image":{"@id":"https:\/\/dosmariasyunjuan.com\/#\/schema\/logo\/image\/"},"sameAs":["https:\/\/www.instagram.com\/dosmariasyunjuan\/"]}]}},"pbg_featured_image_src":{"full":["https:\/\/dosmariasyunjuan.com\/wp-content\/uploads\/2025\/09\/Front-view-Miss-Flopps-Bun.png",1080,1350,false],"thumbnail":["https:\/\/dosmariasyunjuan.com\/wp-content\/uploads\/2025\/09\/Front-view-Miss-Flopps-Bun-150x150.png",150,150,true],"medium":["https:\/\/dosmariasyunjuan.com\/wp-content\/uploads\/2025\/09\/Front-view-Miss-Flopps-Bun-240x300.png",240,300,true],"medium_large":["https:\/\/dosmariasyunjuan.com\/wp-content\/uploads\/2025\/09\/Front-view-Miss-Flopps-Bun-768x960.png",768,960,true],"large":["https:\/\/dosmariasyunjuan.com\/wp-content\/uploads\/2025\/09\/Front-view-Miss-Flopps-Bun-819x1024.png",819,1024,true],"1536x1536":["https:\/\/dosmariasyunjuan.com\/wp-content\/uploads\/2025\/09\/Front-view-Miss-Flopps-Bun.png",1080,1350,false],"2048x2048":["https:\/\/dosmariasyunjuan.com\/wp-content\/uploads\/2025\/09\/Front-view-Miss-Flopps-Bun.png",1080,1350,false],"trp-custom-language-flag":["https:\/\/dosmariasyunjuan.com\/wp-content\/uploads\/2025\/09\/Front-view-Miss-Flopps-Bun.png",10,12,false],"et-pb-post-main-image":["https:\/\/dosmariasyunjuan.com\/wp-content\/uploads\/2025\/09\/Front-view-Miss-Flopps-Bun-400x250.png",400,250,true],"et-pb-post-main-image-fullwidth":["https:\/\/dosmariasyunjuan.com\/wp-content\/uploads\/2025\/09\/Front-view-Miss-Flopps-Bun-1080x675.png",1080,675,true],"et-pb-portfolio-image":["https:\/\/dosmariasyunjuan.com\/wp-content\/uploads\/2025\/09\/Front-view-Miss-Flopps-Bun-400x284.png",400,284,true],"et-pb-portfolio-module-image":["https:\/\/dosmariasyunjuan.com\/wp-content\/uploads\/2025\/09\/Front-view-Miss-Flopps-Bun-510x382.png",510,382,true],"et-pb-portfolio-image-single":["https:\/\/dosmariasyunjuan.com\/wp-content\/uploads\/2025\/09\/Front-view-Miss-Flopps-Bun.png",1080,1350,false],"et-pb-gallery-module-image-portrait":["https:\/\/dosmariasyunjuan.com\/wp-content\/uploads\/2025\/09\/Front-view-Miss-Flopps-Bun-400x516.png",400,516,true],"et-pb-post-main-image-fullwidth-large":["https:\/\/dosmariasyunjuan.com\/wp-content\/uploads\/2025\/09\/Front-view-Miss-Flopps-Bun.png",1080,1350,false],"et-pb-image--responsive--desktop":["https:\/\/dosmariasyunjuan.com\/wp-content\/uploads\/2025\/09\/Front-view-Miss-Flopps-Bun.png",576,720,false],"et-pb-image--responsive--tablet":["https:\/\/dosmariasyunjuan.com\/wp-content\/uploads\/2025\/09\/Front-view-Miss-Flopps-Bun-980x1225.png",441,551,true],"et-pb-image--responsive--phone":["https:\/\/dosmariasyunjuan.com\/wp-content\/uploads\/2025\/09\/Front-view-Miss-Flopps-Bun-480x600.png",216,270,true],"woocommerce_thumbnail":["https:\/\/dosmariasyunjuan.com\/wp-content\/uploads\/2025\/09\/Front-view-Miss-Flopps-Bun-600x600.png",600,600,true],"woocommerce_single":["https:\/\/dosmariasyunjuan.com\/wp-content\/uploads\/2025\/09\/Front-view-Miss-Flopps-Bun-800x1000.png",800,1000,true],"woocommerce_gallery_thumbnail":["https:\/\/dosmariasyunjuan.com\/wp-content\/uploads\/2025\/09\/Front-view-Miss-Flopps-Bun-100x100.png",100,100,true]},"pbg_author_info":{"display_name":"DosMariasyUnJuan","author_link":"https:\/\/dosmariasyunjuan.com\/es\/author\/","author_img":"<img alt='DosMariasyUnJuan' src='https:\/\/secure.gravatar.com\/avatar\/4d1b1b79e326eb16a9585dc410165b35e86f4b41679da6caf932b0a5c25787fa?s=128&#038;d=mm&#038;r=g' srcset='https:\/\/secure.gravatar.com\/avatar\/4d1b1b79e326eb16a9585dc410165b35e86f4b41679da6caf932b0a5c25787fa?s=256&#038;d=mm&#038;r=g 2x' class='avatar avatar-128 photo' height='128' width='128' loading='lazy' decoding='async'\/>"},"pbg_comment_info":"7 comment","pbg_excerpt":"ENG: \u00a0Miss Flopps &amp; her Chatty Daisy Designed by Dos Marias y un Juan\u2013 Original Amigurumi Trilingual Pattern PDF Once upon a romper\u2026 \ud83c\udf31 Pattern available in English, Espa\u00f1ol &amp; Portugu\u00eas. As a downloadable PDF Here's what you'll find inside: detailed written instructions with LOTS of photos. Plus, a tiny story written while designing Miss&hellip;","jetpack_sharing_enabled":true,"_links":{"self":[{"href":"https:\/\/dosmariasyunjuan.com\/es\/wp-json\/wp\/v2\/product\/1181","targetHints":{"allow":["GET"]}}],"collection":[{"href":"https:\/\/dosmariasyunjuan.com\/es\/wp-json\/wp\/v2\/product"}],"about":[{"href":"https:\/\/dosmariasyunjuan.com\/es\/wp-json\/wp\/v2\/types\/product"}],"replies":[{"embeddable":true,"href":"https:\/\/dosmariasyunjuan.com\/es\/wp-json\/wp\/v2\/comments?post=1181"}],"wp:featuredmedia":[{"embeddable":true,"href":"https:\/\/dosmariasyunjuan.com\/es\/wp-json\/wp\/v2\/media\/1187"}],"wp:attachment":[{"href":"https:\/\/dosmariasyunjuan.com\/es\/wp-json\/wp\/v2\/media?parent=1181"}],"wp:term":[{"taxonomy":"product_brand","embeddable":true,"href":"https:\/\/dosmariasyunjuan.com\/es\/wp-json\/wp\/v2\/product_brand?post=1181"},{"taxonomy":"product_cat","embeddable":true,"href":"https:\/\/dosmariasyunjuan.com\/es\/wp-json\/wp\/v2\/product_cat?post=1181"},{"taxonomy":"product_tag","embeddable":true,"href":"https:\/\/dosmariasyunjuan.com\/es\/wp-json\/wp\/v2\/product_tag?post=1181"}],"curies":[{"name":"wp","href":"https:\/\/api.w.org\/{rel}","templated":true}]}}